{"id":16,"date":"2024-05-13T14:20:39","date_gmt":"2024-05-13T12:20:39","guid":{"rendered":"https:\/\/www.madrimasd.org\/blogs\/cultura-cientifica\/?page_id=16"},"modified":"2024-05-14T10:31:05","modified_gmt":"2024-05-14T08:31:05","slug":"xiii-feria-madrid-es-ciencia","status":"publish","type":"page","link":"https:\/\/www.madrimasd.org\/blogs\/cultura-cientifica\/xiii-feria-madrid-es-ciencia\/","title":{"rendered":"XIII Feria Madrid es Ciencia"},"content":{"rendered":"<p>Se da un suceso particular en los recintos feriales al acoger varios eventos de diverso parang\u00f3n. De pronto, en pocos metros cuadrados, confluyen distintos grupos sociales que, en otros momentos de su vida, nada habr\u00edan tenido que ver. Madrid es una ciudad extensa, es f\u00e1cil no volver a cruzarte con alguien por el resto de tu vida.<\/p>\n<p>En estos casos, podemos jugar en la puerta principal a distinguir el destino de cada uno de los visitantes. Ya sea por la ropa que han escogido, la forma de caminar o los retazos de conversaciones cazados al vuelo en un cruce fortuito. Pocas veces son las que una se equivoca al vaticinar la direcci\u00f3n que tomar\u00e1n los visitantes una vez hayan pasado el control de seguridad.<\/p>\n<p>La segunda semana de marzo se dio uno de estos fen\u00f3menos en el recinto ferial de IFEMA. A la vez que personajes del panorama art\u00edstico y cultural sacaban su ropa de dise\u00f1o del armario para asistir a la 43\u00aa edici\u00f3n de ARCO, uno de los eventos de arte contempor\u00e1neo m\u00e1s importantes del panorama art\u00edstico, miles de adolescentes tomaban la l\u00ednea 8 del metro de Madrid para adentrarse en los pabellones dedicados a la Semana de la Educaci\u00f3n.<\/p>\n<p>El evento estudiantil se presenta como un gran punto de encuentro del universo educativo de Espa\u00f1a, dividi\u00e9ndose en distintas secciones, tales como Congreso Red, Schools Day, Formaci\u00f3n Continua, Aula y Postgrado.<\/p>\n<p>Pero, entre universidades, centros de formaci\u00f3n profesional, escuelas de idiomas y dem\u00e1s entidades p\u00fablicas y privadas, podemos encontrar un pabell\u00f3n muy particular. En \u00e9ste, el hilo conductor es exclusivamente la ciencia. Se trata, ni m\u00e1s ni menos, que de la Feria Madrid es Ciencia. Un evento sin m\u00e1s pretensi\u00f3n que mostrar que, desde el aula hasta la empresa, la ciencia conecta a todos los actores del ecosistema de innovaci\u00f3n.<\/p>\n<p>Organizada por la Fundaci\u00f3n para el Conocimiento madri+d, a trav\u00e9s de la Consejer\u00eda de Educaci\u00f3n, Ciencia y Universidades, la Feria Madrid es Ciencia celebraba los d\u00edas 7, 8 y 9 de marzo su XIII edici\u00f3n en el pabell\u00f3n 5 de IFEMA. Este a\u00f1o, el evento logr\u00f3 congregar a cerca de 22.000 asistentes durante los tres d\u00edas.<\/p>\n<figure id=\"attachment_24\" aria-describedby=\"caption-attachment-24\" style=\"width: 629px\" class=\"wp-caption aligncenter\"><img fetchpriority=\"high\" decoding=\"async\" class=\"wp-image-24\" src=\"https:\/\/www.madrimasd.org\/blogs\/cultura-cientifica\/files\/2024\/04\/image00077-1-300x200.jpeg\" alt=\"Personalidades pol\u00edticas visitando la Feria\" width=\"629\" height=\"419\" srcset=\"https:\/\/www.madrimasd.org\/blogs\/cultura-cientifica\/files\/2024\/04\/image00077-1-300x200.jpeg 300w, https:\/\/www.madrimasd.org\/blogs\/cultura-cientifica\/files\/2024\/04\/image00077-1-1024x683.jpeg 1024w, https:\/\/www.madrimasd.org\/blogs\/cultura-cientifica\/files\/2024\/04\/image00077-1-768x512.jpeg 768w, https:\/\/www.madrimasd.org\/blogs\/cultura-cientifica\/files\/2024\/04\/image00077-1-1536x1024.jpeg 1536w, https:\/\/www.madrimasd.org\/blogs\/cultura-cientifica\/files\/2024\/04\/image00077-1.jpeg 1920w\" sizes=\"(max-width: 629px) 100vw, 629px\" \/><figcaption id=\"caption-attachment-24\" class=\"wp-caption-text\">El director de la Fundaci\u00f3n para el conocimiento madri+d, Federico Mor\u00e1n y la Viceconsejera de Universidades, Investigaci\u00f3n y Ciencia de la Comunidad de Madrid, Ana Ram\u00edrez visitando el stand de IMDEA en la Feria Madrid es Ciencia<\/figcaption><\/figure>\n<p>Con un total de 10 universidades madrile\u00f1as, 22 centros de investigaci\u00f3n, 12 museos y sociedades cient\u00edficas, 27 empresas y start-ups y 4 administraciones p\u00fablicas, era dif\u00edcil resistirse a sus numerosos reclamos cient\u00edficos. Entre las entidades participantes, podemos destacar algunas como el Consejo Superior de Investigaciones Cient\u00edficas (CSIC), los Institutos Madrile\u00f1os De Estudios Avanzados (IMDEA), la Agencia Espacial Europea (ESA), el Centro de Investigaciones Energ\u00e9ticas, Medioambientales y Tecnol\u00f3gicas (CIEMAT) o la Real Sociedad de F\u00edsica. En sus estands, los visitantes pudieron desafiar las leyes f\u00edsicas subirse a un tentetieso gigante, ayudar al mism\u00edsimos Cajal con sus investigaciones gracias a unas gafas de realidad virtual y descubrir el espacio de la mano de Sara Garc\u00eda, candidata espa\u00f1ola a astronauta.<\/p>\n<p>Numerosas instituciones cient\u00edficas que, aunque notorias, en esta ocasi\u00f3n no pretend\u00edan ser el Quijote de esta historia. M\u00e1s bien sus leales compa\u00f1eros de aventuras.<\/p>\n<p>Porque los verdaderos protagonistas de estas jornadas fueron los 70 centros educativos, con sus casi 2.500 alumnos y 230 profesoras y profesores, encargados de traer los experimentos trabajados en sus respectivas aulas al p\u00fablico madrile\u00f1o.<\/p>\n<p>Y es que el principal rasgo distintivo de este evento radica en que los m\u00e1s j\u00f3venes son los encargados de idear, dise\u00f1ar y explicar los experimentos a una audiencia que, por otra parte, suele igualarles en edad o superarla. Un reto al que a muchos adultos a\u00fan nos cuesta enfrentarnos.<\/p>\n<p>Gracias al trabajo que meses atr\u00e1s realizaron en sus centros educativos de la mano del profesorado, consiguen consolidar habilidades tan importantes como la comunicaci\u00f3n, la creatividad, el emprendimiento, la utilizaci\u00f3n cr\u00edtica de la informaci\u00f3n y, sobre todo, el conocimiento de la ciencia y la tecnolog\u00eda desde una perspectiva pr\u00e1ctica y divertida.<\/p>\n<p>Dar una vuelta por sus estands hac\u00eda las delicias de cualquier persona curiosa. Entre sus pasillos se pod\u00edan encontrar propuestas como \u201cla ciencia tras el volc\u00e1n de Pompeya\u201d o el dise\u00f1o de un sat\u00e9lite \u201cCanSat\u201d, pasando por proyectos de \u201cmagia cient\u00edfica\u201d de la mano de los participantes m\u00e1s j\u00f3venes de la feria. \u00bfC\u00f3mo resistirse a que una criatura, que apenas te llega por la cintura, te explique los misterios de la luz?<\/p>\n<p>La Fundaci\u00f3n para el Conocimiento madri+d, cont\u00f3 adem\u00e1s con un estand propio en la Feria Madrid es Ciencia.\u00a0 En \u00e9ste se reunieron 7 grupos de investigaci\u00f3n madrile\u00f1os dirigidos por cient\u00edficos y cient\u00edficas que cuentan con la financiaci\u00f3n de las becas Marie Sklodowska-Curie y que pretenden servir de referencia para los j\u00f3venes que pronto empezar\u00e1n sus carreras cient\u00edficas. Adem\u00e1s, acudieron 4 start-ups que llenaron el espacio de los robots m\u00e1s futuristas del mercado. Fueron pocos los que se quedaron sin la oportunidad de participar en una carrera de drones o de jugar con el robot \u201cPatitas\u201d.<\/p>\n<p>Finalmente, y como ya es tradici\u00f3n, el auditorio del \u00c1gora acogi\u00f3 cerca de 50 ponencias cient\u00edficas, adem\u00e1s de los actos de inauguraci\u00f3n y cierre del evento. Durante los tres d\u00edas y de forma casi ininterrumpida, convivieron relevantes divulgadores, investigadores, profesores de secundaria y universidades y alumnos universitarios.<\/p>\n<p>Un encuentro que, gracias al servicio de streaming, se puede seguir disfrutando en el propio <a href=\"https:\/\/www.youtube.com\/playlist?list=PLFM_B3KwjcXPU7vGJHx2N4e-oCG8Voh9w\">canal de Youtube<\/a> de la Fundaci\u00f3n para el Conocimiento madri+d.<\/p>\n<figure id=\"attachment_20\" aria-describedby=\"caption-attachment-20\" style=\"width: 558px\" class=\"wp-caption aligncenter\"><img decoding=\"async\" class=\" wp-image-20\" src=\"https:\/\/www.madrimasd.org\/blogs\/cultura-cientifica\/files\/2024\/04\/Z3A4804-300x200.jpg\" alt=\"Investigadora muestra el experimento a los ni\u00f1os\" width=\"558\" height=\"372\" srcset=\"https:\/\/www.madrimasd.org\/blogs\/cultura-cientifica\/files\/2024\/04\/Z3A4804-300x200.jpg 300w, https:\/\/www.madrimasd.org\/blogs\/cultura-cientifica\/files\/2024\/04\/Z3A4804-1024x683.jpg 1024w, https:\/\/www.madrimasd.org\/blogs\/cultura-cientifica\/files\/2024\/04\/Z3A4804-768x512.jpg 768w, https:\/\/www.madrimasd.org\/blogs\/cultura-cientifica\/files\/2024\/04\/Z3A4804-1536x1024.jpg 1536w, https:\/\/www.madrimasd.org\/blogs\/cultura-cientifica\/files\/2024\/04\/Z3A4804.jpg 1920w\" sizes=\"(max-width: 558px) 100vw, 558px\" \/><figcaption id=\"caption-attachment-20\" class=\"wp-caption-text\">Investigadora muestra el experimento a los ni\u00f1os<\/figcaption><\/figure>\n<p>El espacio cont\u00f3 adem\u00e1s con la presencia del Consejero de Educaci\u00f3n, Ciencia y Universidades de la Comunidad de Madrid, Emilio Viciana Duro; la Viceconsejera de Educaci\u00f3n Ciencia y Universidades de la Comunidad de Madrid, Ana Ram\u00edrez de Molina; la Directora General de Investigaci\u00f3n e Innovaci\u00f3n de la Comunidad de Madrid, Marina Pilar Villegas Gracia; el Director de la Fundaci\u00f3n para el Conocimiento madri+d, Federico Mor\u00e1n Abad; el Director General de Patrimonio Cultural y Oficina del Espa\u00f1ol, Bartolom\u00e9 Gonz\u00e1lez Jim\u00e9nez y el Presidente de la Real Sociedad Espa\u00f1ola de F\u00edsica, Luis Vi\u00f1a Liste.<\/p>\n<p>Tras una larga jornada, aunque segu\u00eda siendo f\u00e1cil diferenciar a los asistentes de cada evento, algo hab\u00eda cambiado en los m\u00e1s peque\u00f1os. Entre caras de adultos cansados, americanas reposando en antebrazos y pies encorsetados en tacones stiletto rogando escapar, se colaban las risas y pasos acelerados de las criaturas, cargadas con bolsas llenas de artilugios, fruto de los diversos experimentos realizados en la Feria. En las caritas, reflejando la ilusi\u00f3n de volver al mundo exterior, dos grandes ojos brillaban observando su alrededor a trav\u00e9s de unas nuevas gafas, las cient\u00edficas. A la salida, una ni\u00f1a grit\u00f3 \u201c\u00a1mam\u00e1, este ha sido el mejor d\u00eda de mi vida\u201d.<\/p>\n","protected":false},"excerpt":{"rendered":"<p>Se da un suceso particular en los recintos feriales al acoger varios eventos de diverso parang\u00f3n. De pronto, en pocos metros cuadrados, confluyen distintos grupos sociales que, en otros momentos de su vida, nada habr\u00edan tenido que ver. Madrid es una ciudad extensa, es f\u00e1cil no volver a cruzarte con alguien por el resto de tu vida. En estos casos, podemos jugar en la puerta principal a distinguir el destino de cada uno de los visitantes. Ya sea por la ropa que han escogido, la forma de caminar o los retazos de conversaciones cazados al vuelo en un cruce fortuito.\u2026<\/p>\n","protected":false},"author":256,"featured_media":0,"parent":0,"menu_order":0,"comment_status":"closed","ping_status":"closed","template":"","meta":{"ngg_post_thumbnail":0},"blocksy_meta":{"styles_descriptor":{"styles":{"desktop":"","tablet":"","mobile":""},"google_fonts":[],"version":4}},"aioseo_notices":[],"yoast_head":"<!-- This site is optimized with the Yoast SEO plugin v18.0 - https:\/\/yoast.com\/wordpress\/plugins\/seo\/ -->\n<title>XIII Feria Madrid es Ciencia - Cultura Cient\u00edfica<\/title>\n<meta name=\"description\" content=\"En este art\u00edculo podr\u00e1s leer un resumen de c\u00f3mo acontecieron los tres d\u00edas de la Feria Madrid es Ciencia 2024 celebrada este mes de marzo.\" \/>\n<meta name=\"robots\" content=\"index, follow, max-snippet:-1, max-image-preview:large, max-video-preview:-1\" \/>\n<link rel=\"canonical\" href=\"https:\/\/www.madrimasd.org\/blogs\/cultura-cientifica\/xiii-feria-madrid-es-ciencia\/\" \/>\n<meta property=\"og:locale\" content=\"es_ES\" \/>\n<meta property=\"og:type\" content=\"article\" \/>\n<meta property=\"og:title\" content=\"XIII Feria Madrid es Ciencia - Cultura Cient\u00edfica\" \/>\n<meta property=\"og:description\" content=\"En este art\u00edculo podr\u00e1s leer un resumen de c\u00f3mo acontecieron los tres d\u00edas de la Feria Madrid es Ciencia 2024 celebrada este mes de marzo.\" \/>\n<meta property=\"og:url\" content=\"https:\/\/www.madrimasd.org\/blogs\/cultura-cientifica\/xiii-feria-madrid-es-ciencia\/\" \/>\n<meta property=\"og:site_name\" content=\"Cultura Cient\u00edfica\" \/>\n<meta property=\"article:modified_time\" content=\"2024-05-14T08:31:05+00:00\" \/>\n<meta property=\"og:image\" content=\"https:\/\/www.madrimasd.org\/blogs\/cultura-cientifica\/files\/2024\/04\/image00077-1-300x200.jpeg\" \/>\n<meta name=\"twitter:card\" content=\"summary_large_image\" \/>\n<meta name=\"twitter:site\" content=\"@madrimasd\" \/>\n<meta name=\"twitter:label1\" content=\"Tiempo de lectura\" \/>\n\t<meta name=\"twitter:data1\" content=\"6 minutos\" \/>\n<script type=\"application\/ld+json\" class=\"yoast-schema-graph\">{\"@context\":\"https:\/\/schema.org\",\"@graph\":[{\"@type\":\"Organization\",\"@id\":\"https:\/\/www.madrimasd.org\/blogs\/cultura-cientifica\/#organization\",\"name\":\"Fundaci\u00f3n para el conocimiento madri+d\",\"url\":\"https:\/\/www.madrimasd.org\/blogs\/cultura-cientifica\/\",\"sameAs\":[\"https:\/\/www.instagram.com\/madrimasd\",\"https:\/\/es.linkedin.com\/company\/fundaci-n-madri-d\",\"https:\/\/www.youtube.com\/user\/madrimasd\",\"https:\/\/twitter.com\/madrimasd\"],\"logo\":{\"@type\":\"ImageObject\",\"@id\":\"https:\/\/www.madrimasd.org\/blogs\/cultura-cientifica\/#logo\",\"inLanguage\":\"es\",\"url\":\"https:\/\/www.madrimasd.org\/blogs\/cultura-cientifica\/files\/2024\/05\/Fundacion-para-el-Conocimiento-madrid-PNG-positivo.png\",\"contentUrl\":\"https:\/\/www.madrimasd.org\/blogs\/cultura-cientifica\/files\/2024\/05\/Fundacion-para-el-Conocimiento-madrid-PNG-positivo.png\",\"width\":2333,\"height\":741,\"caption\":\"Fundaci\u00f3n para el conocimiento madri+d\"},\"image\":{\"@id\":\"https:\/\/www.madrimasd.org\/blogs\/cultura-cientifica\/#logo\"}},{\"@type\":\"WebSite\",\"@id\":\"https:\/\/www.madrimasd.org\/blogs\/cultura-cientifica\/#website\",\"url\":\"https:\/\/www.madrimasd.org\/blogs\/cultura-cientifica\/\",\"name\":\"Cultura Cient\u00edfica\",\"description\":\"Hacemos la ciencia accesible para todo el mundo\",\"publisher\":{\"@id\":\"https:\/\/www.madrimasd.org\/blogs\/cultura-cientifica\/#organization\"},\"potentialAction\":[{\"@type\":\"SearchAction\",\"target\":{\"@type\":\"EntryPoint\",\"urlTemplate\":\"https:\/\/www.madrimasd.org\/blogs\/cultura-cientifica\/?s={search_term_string}\"},\"query-input\":\"required name=search_term_string\"}],\"inLanguage\":\"es\"},{\"@type\":\"ImageObject\",\"@id\":\"https:\/\/www.madrimasd.org\/blogs\/cultura-cientifica\/xiii-feria-madrid-es-ciencia\/#primaryimage\",\"inLanguage\":\"es\",\"url\":\"https:\/\/www.madrimasd.org\/blogs\/cultura-cientifica\/files\/2024\/04\/image00077-1.jpeg\",\"contentUrl\":\"https:\/\/www.madrimasd.org\/blogs\/cultura-cientifica\/files\/2024\/04\/image00077-1.jpeg\",\"width\":1920,\"height\":1280,\"caption\":\"Personalidades pol\u00edticas visitando la Feria\"},{\"@type\":\"WebPage\",\"@id\":\"https:\/\/www.madrimasd.org\/blogs\/cultura-cientifica\/xiii-feria-madrid-es-ciencia\/#webpage\",\"url\":\"https:\/\/www.madrimasd.org\/blogs\/cultura-cientifica\/xiii-feria-madrid-es-ciencia\/\",\"name\":\"XIII Feria Madrid es Ciencia - Cultura Cient\u00edfica\",\"isPartOf\":{\"@id\":\"https:\/\/www.madrimasd.org\/blogs\/cultura-cientifica\/#website\"},\"primaryImageOfPage\":{\"@id\":\"https:\/\/www.madrimasd.org\/blogs\/cultura-cientifica\/xiii-feria-madrid-es-ciencia\/#primaryimage\"},\"datePublished\":\"2024-05-13T12:20:39+00:00\",\"dateModified\":\"2024-05-14T08:31:05+00:00\",\"description\":\"En este art\u00edculo podr\u00e1s leer un resumen de c\u00f3mo acontecieron los tres d\u00edas de la Feria Madrid es Ciencia 2024 celebrada este mes de marzo.\",\"breadcrumb\":{\"@id\":\"https:\/\/www.madrimasd.org\/blogs\/cultura-cientifica\/xiii-feria-madrid-es-ciencia\/#breadcrumb\"},\"inLanguage\":\"es\",\"potentialAction\":[{\"@type\":\"ReadAction\",\"target\":[\"https:\/\/www.madrimasd.org\/blogs\/cultura-cientifica\/xiii-feria-madrid-es-ciencia\/\"]}]},{\"@type\":\"BreadcrumbList\",\"@id\":\"https:\/\/www.madrimasd.org\/blogs\/cultura-cientifica\/xiii-feria-madrid-es-ciencia\/#breadcrumb\",\"itemListElement\":[{\"@type\":\"ListItem\",\"position\":1,\"name\":\"Portada\",\"item\":\"https:\/\/www.madrimasd.org\/blogs\/cultura-cientifica\/\"},{\"@type\":\"ListItem\",\"position\":2,\"name\":\"XIII Feria Madrid es Ciencia\"}]}]}<\/script>\n<!-- \/ Yoast SEO plugin. -->","yoast_head_json":{"title":"XIII Feria Madrid es Ciencia - Cultura Cient\u00edfica","description":"En este art\u00edculo podr\u00e1s leer un resumen de c\u00f3mo acontecieron los tres d\u00edas de la Feria Madrid es Ciencia 2024 celebrada este mes de marzo.","robots":{"index":"index","follow":"follow","max-snippet":"max-snippet:-1","max-image-preview":"max-image-preview:large","max-video-preview":"max-video-preview:-1"},"canonical":"https:\/\/www.madrimasd.org\/blogs\/cultura-cientifica\/xiii-feria-madrid-es-ciencia\/","og_locale":"es_ES","og_type":"article","og_title":"XIII Feria Madrid es Ciencia - Cultura Cient\u00edfica","og_description":"En este art\u00edculo podr\u00e1s leer un resumen de c\u00f3mo acontecieron los tres d\u00edas de la Feria Madrid es Ciencia 2024 celebrada este mes de marzo.","og_url":"https:\/\/www.madrimasd.org\/blogs\/cultura-cientifica\/xiii-feria-madrid-es-ciencia\/","og_site_name":"Cultura Cient\u00edfica","article_modified_time":"2024-05-14T08:31:05+00:00","og_image":[{"url":"https:\/\/www.madrimasd.org\/blogs\/cultura-cientifica\/files\/2024\/04\/image00077-1-300x200.jpeg"}],"twitter_card":"summary_large_image","twitter_site":"@madrimasd","twitter_misc":{"Tiempo de lectura":"6 minutos"},"schema":{"@context":"https:\/\/schema.org","@graph":[{"@type":"Organization","@id":"https:\/\/www.madrimasd.org\/blogs\/cultura-cientifica\/#organization","name":"Fundaci\u00f3n para el conocimiento madri+d","url":"https:\/\/www.madrimasd.org\/blogs\/cultura-cientifica\/","sameAs":["https:\/\/www.instagram.com\/madrimasd","https:\/\/es.linkedin.com\/company\/fundaci-n-madri-d","https:\/\/www.youtube.com\/user\/madrimasd","https:\/\/twitter.com\/madrimasd"],"logo":{"@type":"ImageObject","@id":"https:\/\/www.madrimasd.org\/blogs\/cultura-cientifica\/#logo","inLanguage":"es","url":"https:\/\/www.madrimasd.org\/blogs\/cultura-cientifica\/files\/2024\/05\/Fundacion-para-el-Conocimiento-madrid-PNG-positivo.png","contentUrl":"https:\/\/www.madrimasd.org\/blogs\/cultura-cientifica\/files\/2024\/05\/Fundacion-para-el-Conocimiento-madrid-PNG-positivo.png","width":2333,"height":741,"caption":"Fundaci\u00f3n para el conocimiento madri+d"},"image":{"@id":"https:\/\/www.madrimasd.org\/blogs\/cultura-cientifica\/#logo"}},{"@type":"WebSite","@id":"https:\/\/www.madrimasd.org\/blogs\/cultura-cientifica\/#website","url":"https:\/\/www.madrimasd.org\/blogs\/cultura-cientifica\/","name":"Cultura Cient\u00edfica","description":"Hacemos la ciencia accesible para todo el mundo","publisher":{"@id":"https:\/\/www.madrimasd.org\/blogs\/cultura-cientifica\/#organization"},"potentialAction":[{"@type":"SearchAction","target":{"@type":"EntryPoint","urlTemplate":"https:\/\/www.madrimasd.org\/blogs\/cultura-cientifica\/?s={search_term_string}"},"query-input":"required name=search_term_string"}],"inLanguage":"es"},{"@type":"ImageObject","@id":"https:\/\/www.madrimasd.org\/blogs\/cultura-cientifica\/xiii-feria-madrid-es-ciencia\/#primaryimage","inLanguage":"es","url":"https:\/\/www.madrimasd.org\/blogs\/cultura-cientifica\/files\/2024\/04\/image00077-1.jpeg","contentUrl":"https:\/\/www.madrimasd.org\/blogs\/cultura-cientifica\/files\/2024\/04\/image00077-1.jpeg","width":1920,"height":1280,"caption":"Personalidades pol\u00edticas visitando la Feria"},{"@type":"WebPage","@id":"https:\/\/www.madrimasd.org\/blogs\/cultura-cientifica\/xiii-feria-madrid-es-ciencia\/#webpage","url":"https:\/\/www.madrimasd.org\/blogs\/cultura-cientifica\/xiii-feria-madrid-es-ciencia\/","name":"XIII Feria Madrid es Ciencia - Cultura Cient\u00edfica","isPartOf":{"@id":"https:\/\/www.madrimasd.org\/blogs\/cultura-cientifica\/#website"},"primaryImageOfPage":{"@id":"https:\/\/www.madrimasd.org\/blogs\/cultura-cientifica\/xiii-feria-madrid-es-ciencia\/#primaryimage"},"datePublished":"2024-05-13T12:20:39+00:00","dateModified":"2024-05-14T08:31:05+00:00","description":"En este art\u00edculo podr\u00e1s leer un resumen de c\u00f3mo acontecieron los tres d\u00edas de la Feria Madrid es Ciencia 2024 celebrada este mes de marzo.","breadcrumb":{"@id":"https:\/\/www.madrimasd.org\/blogs\/cultura-cientifica\/xiii-feria-madrid-es-ciencia\/#breadcrumb"},"inLanguage":"es","potentialAction":[{"@type":"ReadAction","target":["https:\/\/www.madrimasd.org\/blogs\/cultura-cientifica\/xiii-feria-madrid-es-ciencia\/"]}]},{"@type":"BreadcrumbList","@id":"https:\/\/www.madrimasd.org\/blogs\/cultura-cientifica\/xiii-feria-madrid-es-ciencia\/#breadcrumb","itemListElement":[{"@type":"ListItem","position":1,"name":"Portada","item":"https:\/\/www.madrimasd.org\/blogs\/cultura-cientifica\/"},{"@type":"ListItem","position":2,"name":"XIII Feria Madrid es Ciencia"}]}]}},"_links":{"self":[{"href":"https:\/\/www.madrimasd.org\/blogs\/cultura-cientifica\/wp-json\/wp\/v2\/pages\/16"}],"collection":[{"href":"https:\/\/www.madrimasd.org\/blogs\/cultura-cientifica\/wp-json\/wp\/v2\/pages"}],"about":[{"href":"https:\/\/www.madrimasd.org\/blogs\/cultura-cientifica\/wp-json\/wp\/v2\/types\/page"}],"author":[{"embeddable":true,"href":"https:\/\/www.madrimasd.org\/blogs\/cultura-cientifica\/wp-json\/wp\/v2\/users\/256"}],"replies":[{"embeddable":true,"href":"https:\/\/www.madrimasd.org\/blogs\/cultura-cientifica\/wp-json\/wp\/v2\/comments?post=16"}],"version-history":[{"count":6,"href":"https:\/\/www.madrimasd.org\/blogs\/cultura-cientifica\/wp-json\/wp\/v2\/pages\/16\/revisions"}],"predecessor-version":[{"id":51,"href":"https:\/\/www.madrimasd.org\/blogs\/cultura-cientifica\/wp-json\/wp\/v2\/pages\/16\/revisions\/51"}],"wp:attachment":[{"href":"https:\/\/www.madrimasd.org\/blogs\/cultura-cientifica\/wp-json\/wp\/v2\/media?parent=16"}],"curies":[{"name":"wp","href":"https:\/\/api.w.org\/{rel}","templated":true}]}}