{"id":129525,"date":"2011-01-23T21:48:43","date_gmt":"2011-01-23T20:48:43","guid":{"rendered":"http:\/\/www.madrimasd.org\/blogs\/culturadered\/?page_id=129525"},"modified":"2024-12-27T10:47:14","modified_gmt":"2024-12-27T09:47:14","slug":"paraninfo","status":"publish","type":"page","link":"https:\/\/www.madrimasd.org\/blogs\/culturadered\/paraninfo\/","title":{"rendered":"PARANINFO"},"content":{"rendered":"<p><a title=\"Paraninfo blog academico\" href=\"http:\/\/paraninfo.blogspot.com.es\/\" target=\"_blank\" rel=\"attachment noopener wp-att-130267\"><img decoding=\"async\" class=\"aligncenter size-full wp-image-130267\" title=\"paraninfo-blog1\" src=\"https:\/\/www.madrimasd.org\/blogs\/culturadered\/files\/2011\/01\/paraninfo-blog1.jpg\" alt=\"\" width=\"486\" height=\"275\" srcset=\"https:\/\/www.madrimasd.org\/blogs\/culturadered\/files\/2011\/01\/paraninfo-blog1.jpg 486w, https:\/\/www.madrimasd.org\/blogs\/culturadered\/files\/2011\/01\/paraninfo-blog1-300x169.jpg 300w\" sizes=\"(max-width: 486px) 100vw, 486px\" \/><\/a>El sitio web&nbsp;<a href=\"http:\/\/paraninfo.blogspot.com\/\">Paraninfo<\/a>&nbsp; fue creado como plataforma CMS de apoyo a los alumn@s de la asignatura de <strong>Tecnolog\u00eda de la Informaci\u00f3n<\/strong> (desde el curso 2004-2005) y para las posteriores asignaturas: <strong>Multimedia<\/strong> (Grado) y <strong>Ciberperiodismo<\/strong> y <strong>Modelos de negocio con tecnolog\u00edas emergentes<\/strong>&nbsp;(Postgrado) tanto del <a href=\"https:\/\/www.ucm.es\/periodismo-multimedia-profesional\/\" target=\"_blank\" rel=\"noopener\">Master Universitario en Periodismo Multimedia Profesional<\/a>, como de doctorado. En este sitio web, se publican referencias, art\u00edculos, reflexiones, an\u00e1lisis, notas, enlaces, libros, apuntes, etc. y otros contenidos que sirven de ayuda al aprendiza, que realizan los estudiantes de Periodismo y Comunicaci\u00f3n de la Universidad Complutense de Madrid. La caracter\u00edstica del entorno multimedia que permite utilizar gr\u00e1ficos, im\u00e1genes, fotos, video, audio y texto, abundar\u00e1n en este blog.<\/p>\n<p>Con esta iniciativa, se pretende que este blog acad\u00e9mico sea, en si mismo, un sitio web pr\u00e1ctico que influya a los alumnos\/as a crearse un sitioweb propio, de enfoque pr\u00e1ctico y profesional concienci\u00e1ndose, al mismo tiempo, de la <strong>cultura de red<\/strong> que ya existen en los medios de comunicaci\u00f3n y que utilizan diferentes plataformas CMS.<\/p>\n<p>El editor<\/p>\n","protected":false},"excerpt":{"rendered":"<p>El sitio web&nbsp;Paraninfo&nbsp; fue creado como plataforma CMS de apoyo a los alumn@s de la asignatura de Tecnolog\u00eda de la Informaci\u00f3n (desde el curso 2004-2005) y para las posteriores asignaturas: Multimedia (Grado) y Ciberperiodismo y Modelos de negocio con tecnolog\u00edas emergentes&nbsp;(Postgrado) tanto del Master Universitario en Periodismo Multimedia Profesional, como de doctorado. En este sitio web, se publican referencias, art\u00edculos, reflexiones, an\u00e1lisis, notas, enlaces, libros, apuntes, etc. y otros contenidos que sirven de ayuda al aprendiza, que realizan los estudiantes de Periodismo y Comunicaci\u00f3n de la Universidad Complutense de Madrid. La caracter\u00edstica del entorno multimedia que permite utilizar gr\u00e1ficos, im\u00e1genes,\u2026<\/p>\n","protected":false},"author":60,"featured_media":0,"parent":0,"menu_order":0,"comment_status":"open","ping_status":"open","template":"","meta":{"ngg_post_thumbnail":0},"blocksy_meta":{"styles_descriptor":{"styles":{"desktop":"","tablet":"","mobile":""},"google_fonts":[],"version":4}},"aioseo_notices":[],"yoast_head":"<!-- This site is optimized with the Yoast SEO plugin v18.0 - https:\/\/yoast.com\/wordpress\/plugins\/seo\/ -->\n<title>PARANINFO - Cultura de red<\/title>\n<meta name=\"robots\" content=\"index, follow, max-snippet:-1, max-image-preview:large, max-video-preview:-1\" \/>\n<link rel=\"canonical\" href=\"https:\/\/www.madrimasd.org\/blogs\/culturadered\/paraninfo\/\" \/>\n<meta property=\"og:locale\" content=\"es_ES\" \/>\n<meta property=\"og:type\" content=\"article\" \/>\n<meta property=\"og:title\" content=\"PARANINFO - Cultura de red\" \/>\n<meta property=\"og:description\" content=\"El sitio web&nbsp;Paraninfo&nbsp; fue creado como plataforma CMS de apoyo a los alumn@s de la asignatura de Tecnolog\u00eda de la Informaci\u00f3n (desde el curso 2004-2005) y para las posteriores asignaturas: Multimedia (Grado) y Ciberperiodismo y Modelos de negocio con tecnolog\u00edas emergentes&nbsp;(Postgrado) tanto del Master Universitario en Periodismo Multimedia Profesional, como de doctorado. En este sitio web, se publican referencias, art\u00edculos, reflexiones, an\u00e1lisis, notas, enlaces, libros, apuntes, etc. y otros contenidos que sirven de ayuda al aprendiza, que realizan los estudiantes de Periodismo y Comunicaci\u00f3n de la Universidad Complutense de Madrid. La caracter\u00edstica del entorno multimedia que permite utilizar gr\u00e1ficos, im\u00e1genes,\u2026\" \/>\n<meta property=\"og:url\" content=\"https:\/\/www.madrimasd.org\/blogs\/culturadered\/paraninfo\/\" \/>\n<meta property=\"og:site_name\" content=\"Cultura de red\" \/>\n<meta property=\"article:modified_time\" content=\"2024-12-27T09:47:14+00:00\" \/>\n<meta property=\"og:image\" content=\"http:\/\/www.madrimasd.org\/blogs\/culturadered\/files\/2011\/01\/paraninfo-blog1.jpg\" \/>\n<meta name=\"twitter:card\" content=\"summary_large_image\" \/>\n<meta name=\"twitter:label1\" content=\"Tiempo de lectura\" \/>\n\t<meta name=\"twitter:data1\" content=\"1 minuto\" \/>\n<script type=\"application\/ld+json\" class=\"yoast-schema-graph\">{\"@context\":\"https:\/\/schema.org\",\"@graph\":[{\"@type\":\"WebSite\",\"@id\":\"https:\/\/www.madrimasd.org\/blogs\/culturadered\/#website\",\"url\":\"https:\/\/www.madrimasd.org\/blogs\/culturadered\/\",\"name\":\"Cultura de red\",\"description\":\"By Jes\u00fas Miguel Flores-Vivar, Emerging Media Analist &amp; Professor at Complutense University of Madrid. Chairman of Cyberjournalism Congress &amp; Director of Internet Media Lab-UCM.\",\"potentialAction\":[{\"@type\":\"SearchAction\",\"target\":{\"@type\":\"EntryPoint\",\"urlTemplate\":\"https:\/\/www.madrimasd.org\/blogs\/culturadered\/?s={search_term_string}\"},\"query-input\":\"required name=search_term_string\"}],\"inLanguage\":\"es\"},{\"@type\":\"ImageObject\",\"@id\":\"https:\/\/www.madrimasd.org\/blogs\/culturadered\/paraninfo\/#primaryimage\",\"inLanguage\":\"es\",\"url\":\"http:\/\/www.madrimasd.org\/blogs\/culturadered\/files\/2011\/01\/paraninfo-blog1.jpg\",\"contentUrl\":\"http:\/\/www.madrimasd.org\/blogs\/culturadered\/files\/2011\/01\/paraninfo-blog1.jpg\"},{\"@type\":\"WebPage\",\"@id\":\"https:\/\/www.madrimasd.org\/blogs\/culturadered\/paraninfo\/#webpage\",\"url\":\"https:\/\/www.madrimasd.org\/blogs\/culturadered\/paraninfo\/\",\"name\":\"PARANINFO - Cultura de red\",\"isPartOf\":{\"@id\":\"https:\/\/www.madrimasd.org\/blogs\/culturadered\/#website\"},\"primaryImageOfPage\":{\"@id\":\"https:\/\/www.madrimasd.org\/blogs\/culturadered\/paraninfo\/#primaryimage\"},\"datePublished\":\"2011-01-23T20:48:43+00:00\",\"dateModified\":\"2024-12-27T09:47:14+00:00\",\"breadcrumb\":{\"@id\":\"https:\/\/www.madrimasd.org\/blogs\/culturadered\/paraninfo\/#breadcrumb\"},\"inLanguage\":\"es\",\"potentialAction\":[{\"@type\":\"ReadAction\",\"target\":[\"https:\/\/www.madrimasd.org\/blogs\/culturadered\/paraninfo\/\"]}]},{\"@type\":\"BreadcrumbList\",\"@id\":\"https:\/\/www.madrimasd.org\/blogs\/culturadered\/paraninfo\/#breadcrumb\",\"itemListElement\":[{\"@type\":\"ListItem\",\"position\":1,\"name\":\"Portada\",\"item\":\"https:\/\/www.madrimasd.org\/blogs\/culturadered\/\"},{\"@type\":\"ListItem\",\"position\":2,\"name\":\"PARANINFO\"}]}]}<\/script>\n<!-- \/ Yoast SEO plugin. -->","yoast_head_json":{"title":"PARANINFO - Cultura de red","robots":{"index":"index","follow":"follow","max-snippet":"max-snippet:-1","max-image-preview":"max-image-preview:large","max-video-preview":"max-video-preview:-1"},"canonical":"https:\/\/www.madrimasd.org\/blogs\/culturadered\/paraninfo\/","og_locale":"es_ES","og_type":"article","og_title":"PARANINFO - Cultura de red","og_description":"El sitio web&nbsp;Paraninfo&nbsp; fue creado como plataforma CMS de apoyo a los alumn@s de la asignatura de Tecnolog\u00eda de la Informaci\u00f3n (desde el curso 2004-2005) y para las posteriores asignaturas: Multimedia (Grado) y Ciberperiodismo y Modelos de negocio con tecnolog\u00edas emergentes&nbsp;(Postgrado) tanto del Master Universitario en Periodismo Multimedia Profesional, como de doctorado. En este sitio web, se publican referencias, art\u00edculos, reflexiones, an\u00e1lisis, notas, enlaces, libros, apuntes, etc. y otros contenidos que sirven de ayuda al aprendiza, que realizan los estudiantes de Periodismo y Comunicaci\u00f3n de la Universidad Complutense de Madrid. La caracter\u00edstica del entorno multimedia que permite utilizar gr\u00e1ficos, im\u00e1genes,\u2026","og_url":"https:\/\/www.madrimasd.org\/blogs\/culturadered\/paraninfo\/","og_site_name":"Cultura de red","article_modified_time":"2024-12-27T09:47:14+00:00","og_image":[{"url":"http:\/\/www.madrimasd.org\/blogs\/culturadered\/files\/2011\/01\/paraninfo-blog1.jpg"}],"twitter_card":"summary_large_image","twitter_misc":{"Tiempo de lectura":"1 minuto"},"schema":{"@context":"https:\/\/schema.org","@graph":[{"@type":"WebSite","@id":"https:\/\/www.madrimasd.org\/blogs\/culturadered\/#website","url":"https:\/\/www.madrimasd.org\/blogs\/culturadered\/","name":"Cultura de red","description":"By Jes\u00fas Miguel Flores-Vivar, Emerging Media Analist &amp; Professor at Complutense University of Madrid. Chairman of Cyberjournalism Congress &amp; Director of Internet Media Lab-UCM.","potentialAction":[{"@type":"SearchAction","target":{"@type":"EntryPoint","urlTemplate":"https:\/\/www.madrimasd.org\/blogs\/culturadered\/?s={search_term_string}"},"query-input":"required name=search_term_string"}],"inLanguage":"es"},{"@type":"ImageObject","@id":"https:\/\/www.madrimasd.org\/blogs\/culturadered\/paraninfo\/#primaryimage","inLanguage":"es","url":"http:\/\/www.madrimasd.org\/blogs\/culturadered\/files\/2011\/01\/paraninfo-blog1.jpg","contentUrl":"http:\/\/www.madrimasd.org\/blogs\/culturadered\/files\/2011\/01\/paraninfo-blog1.jpg"},{"@type":"WebPage","@id":"https:\/\/www.madrimasd.org\/blogs\/culturadered\/paraninfo\/#webpage","url":"https:\/\/www.madrimasd.org\/blogs\/culturadered\/paraninfo\/","name":"PARANINFO - Cultura de red","isPartOf":{"@id":"https:\/\/www.madrimasd.org\/blogs\/culturadered\/#website"},"primaryImageOfPage":{"@id":"https:\/\/www.madrimasd.org\/blogs\/culturadered\/paraninfo\/#primaryimage"},"datePublished":"2011-01-23T20:48:43+00:00","dateModified":"2024-12-27T09:47:14+00:00","breadcrumb":{"@id":"https:\/\/www.madrimasd.org\/blogs\/culturadered\/paraninfo\/#breadcrumb"},"inLanguage":"es","potentialAction":[{"@type":"ReadAction","target":["https:\/\/www.madrimasd.org\/blogs\/culturadered\/paraninfo\/"]}]},{"@type":"BreadcrumbList","@id":"https:\/\/www.madrimasd.org\/blogs\/culturadered\/paraninfo\/#breadcrumb","itemListElement":[{"@type":"ListItem","position":1,"name":"Portada","item":"https:\/\/www.madrimasd.org\/blogs\/culturadered\/"},{"@type":"ListItem","position":2,"name":"PARANINFO"}]}]}},"_links":{"self":[{"href":"https:\/\/www.madrimasd.org\/blogs\/culturadered\/wp-json\/wp\/v2\/pages\/129525"}],"collection":[{"href":"https:\/\/www.madrimasd.org\/blogs\/culturadered\/wp-json\/wp\/v2\/pages"}],"about":[{"href":"https:\/\/www.madrimasd.org\/blogs\/culturadered\/wp-json\/wp\/v2\/types\/page"}],"author":[{"embeddable":true,"href":"https:\/\/www.madrimasd.org\/blogs\/culturadered\/wp-json\/wp\/v2\/users\/60"}],"replies":[{"embeddable":true,"href":"https:\/\/www.madrimasd.org\/blogs\/culturadered\/wp-json\/wp\/v2\/comments?post=129525"}],"version-history":[{"count":12,"href":"https:\/\/www.madrimasd.org\/blogs\/culturadered\/wp-json\/wp\/v2\/pages\/129525\/revisions"}],"predecessor-version":[{"id":130881,"href":"https:\/\/www.madrimasd.org\/blogs\/culturadered\/wp-json\/wp\/v2\/pages\/129525\/revisions\/130881"}],"wp:attachment":[{"href":"https:\/\/www.madrimasd.org\/blogs\/culturadered\/wp-json\/wp\/v2\/media?parent=129525"}],"curies":[{"name":"wp","href":"https:\/\/api.w.org\/{rel}","templated":true}]}}