{"id":129528,"date":"2011-01-23T22:04:04","date_gmt":"2011-01-23T21:04:04","guid":{"rendered":"http:\/\/www.madrimasd.org\/blogs\/culturadered\/?page_id=129528"},"modified":"2024-12-27T10:22:26","modified_gmt":"2024-12-27T09:22:26","slug":"iml","status":"publish","type":"page","link":"https:\/\/www.madrimasd.org\/blogs\/culturadered\/iml\/","title":{"rendered":"Internet MediaLab"},"content":{"rendered":"<p><a title=\"Internet Media Lab\" href=\"http:\/\/internetmedialab.com\/\" target=\"_blank\" rel=\"attachment noopener wp-att-130261\"><img decoding=\"async\" class=\"aligncenter size-full wp-image-130261\" title=\"Internet Media Lab Complutense\" src=\"https:\/\/www.madrimasd.org\/blogs\/culturadered\/files\/2011\/01\/IML-51.jpg\" alt=\"\" width=\"333\" height=\"182\" srcset=\"https:\/\/www.madrimasd.org\/blogs\/culturadered\/files\/2011\/01\/IML-51.jpg 333w, https:\/\/www.madrimasd.org\/blogs\/culturadered\/files\/2011\/01\/IML-51-300x163.jpg 300w\" sizes=\"(max-width: 333px) 100vw, 333px\" \/><\/a><br \/>\nEl <a href=\"http:\/\/internetmedialab.com\/\" target=\"_blank\" rel=\"noopener\">Internet Media Lab<\/a> (<em>Center for Innovation, Artificial Intelligence and Interactive Media Studies<\/em>) de la <a href=\"http:\/\/www.ucm.es\/\">Universidad Complutense de Madrid<\/a>, tiene por misi\u00f3n, ayudar al periodismo y a los medios a entender su futuro en la era de Internet, de la interactividad y de la Inteligencia Artificial. Su objetivo es convertirse en un centro de referencia de investigaci\u00f3n, an\u00e1lisis y pruebas sobre los nuevos medios, las tecnolog\u00edas disruptivas y el periodismo profesional en la red, desde una perspectiva cient\u00edfica, innovadora y pragm\u00e1tica.<\/p>\n<p>Desde varios frentes, el IML promueve &nbsp;tentativas innovadoras que ayuden a entender los \u00e9xitos o fallos en la construcci\u00f3n del nuevo periodismo. Queremos encontrar ideas buenas para los medios. Queremos ayudar a reporteros y que los redactores se adapten a sus trabajos en l\u00ednea. Queremos ayudar a las &nbsp;organizaciones de noticias a encontrar un modo de sobrevivir; Queremos ayudar a los nuevos profesionales desde sus inicios a comprender el complejo ecosistema de la informaci\u00f3n de calidad; Queremos fomentar la ciencia e innovaci\u00f3n como pilares formativos de las ciencias de la comunicaci\u00f3n.<\/p>\n<p>Fundamentalmente, somos optimistas en estos procesos de cambio. Aunque, no pretendemos tener todas las respuestas, ni siquiera un m\u00ednimo porcentaje de aciertos, pero conocemos a muchas personas, expertos profesionales y cient\u00edficos que pueden contribuir con sus conocimientos y su saber hacer en el entorno de los medios en Internet. Por ello, en primer t\u00e9rmino, buscamos la colaboraci\u00f3n de nuestros lectores; esperamos que sus contribuciones hagan del Laboratorio de Medios en Internet un intercambio de colaboraci\u00f3n e ideas. En ese sentido, agradeceremos a todos los participantes a que nos digan que es lo que buscan alrededor de las noticias, que necesidades existen y que es lo que deber\u00eda hacerse.<\/p>\n<p>En paralelo a estas propuestas, el <strong>Internet Media Lab<\/strong> intenta aglutinar sinergias de conocimiento entre investigadores de otros centros nacionales e internacionales, as\u00ed como &nbsp;la realizaci\u00f3n de proyectos e iniciativas de grupos de investigaci\u00f3n de la UCM, universidades o instituciones externas, tales como los Proyectos&nbsp;<strong>Cybermedia<\/strong>&nbsp;y <a href=\"https:\/\/produccioncientifica.ucm.es\/proyectos\/831128\/detalle\" target=\"_blank\" rel=\"noopener\"><strong>Cybermedia II<\/strong><\/a> (del Plan Nacional I+D+i); el <strong>Observatorio de Periodismo en Internet<\/strong>, la <strong>Asociaci\u00f3n de Periodistas Bloggers<\/strong>, la <strong>Red Investigaci\u00f3n Interdisciplinar en Tecnolog\u00eda y Comunicaci\u00f3n, Cibercultura y Nuevos G\u00e9neros Audiovisuales<\/strong>, <a href=\"https:\/\/medios-comunicacion.com\/\" target=\"_blank\" rel=\"noopener\"><strong>Red de Investigaci\u00f3n de Estudios sobre Medios de Comunicaci\u00f3n<\/strong><\/a>, etc. todos estos con un solo objetivo: trabajar el camino para la sociedad, los profesionales y las organizaciones de noticias, desde una perspectiva cient\u00edfica e investigadora.<\/p>\n<p>Esperamos que los lectores disfruten del trabajo que hacemos y que su afiliaci\u00f3n y colaboraci\u00f3n nos permita conversar sobre la evoluci\u00f3n de los medios en Internet en la era de la Inteligencia Artificial.<\/p>\n<p><a href=\"https:\/\/internetmedialab.com\/\" target=\"_blank\" rel=\"noopener\"><strong>Internet Media Lab<\/strong><\/a><\/p>\n<p>E-mail: jmflores@ccinf.ucm.es<\/p>\n","protected":false},"excerpt":{"rendered":"<p>El Internet Media Lab (Center for Innovation, Artificial Intelligence and Interactive Media Studies) de la Universidad Complutense de Madrid, tiene por misi\u00f3n, ayudar al periodismo y a los medios a entender su futuro en la era de Internet, de la interactividad y de la Inteligencia Artificial. Su objetivo es convertirse en un centro de referencia de investigaci\u00f3n, an\u00e1lisis y pruebas sobre los nuevos medios, las tecnolog\u00edas disruptivas y el periodismo profesional en la red, desde una perspectiva cient\u00edfica, innovadora y pragm\u00e1tica. Desde varios frentes, el IML promueve &nbsp;tentativas innovadoras que ayuden a entender los \u00e9xitos o fallos en la construcci\u00f3n\u2026<\/p>\n","protected":false},"author":60,"featured_media":0,"parent":0,"menu_order":0,"comment_status":"open","ping_status":"open","template":"","meta":{"ngg_post_thumbnail":0},"blocksy_meta":{"styles_descriptor":{"styles":{"desktop":"","tablet":"","mobile":""},"google_fonts":[],"version":4}},"aioseo_notices":[],"yoast_head":"<!-- This site is optimized with the Yoast SEO plugin v18.0 - https:\/\/yoast.com\/wordpress\/plugins\/seo\/ -->\n<title>Internet MediaLab - Cultura de red<\/title>\n<meta name=\"robots\" content=\"index, follow, max-snippet:-1, max-image-preview:large, max-video-preview:-1\" \/>\n<link rel=\"canonical\" href=\"https:\/\/www.madrimasd.org\/blogs\/culturadered\/iml\/\" \/>\n<meta property=\"og:locale\" content=\"es_ES\" \/>\n<meta property=\"og:type\" content=\"article\" \/>\n<meta property=\"og:title\" content=\"Internet MediaLab - Cultura de red\" \/>\n<meta property=\"og:description\" content=\"El Internet Media Lab (Center for Innovation, Artificial Intelligence and Interactive Media Studies) de la Universidad Complutense de Madrid, tiene por misi\u00f3n, ayudar al periodismo y a los medios a entender su futuro en la era de Internet, de la interactividad y de la Inteligencia Artificial. Su objetivo es convertirse en un centro de referencia de investigaci\u00f3n, an\u00e1lisis y pruebas sobre los nuevos medios, las tecnolog\u00edas disruptivas y el periodismo profesional en la red, desde una perspectiva cient\u00edfica, innovadora y pragm\u00e1tica. Desde varios frentes, el IML promueve &nbsp;tentativas innovadoras que ayuden a entender los \u00e9xitos o fallos en la construcci\u00f3n\u2026\" \/>\n<meta property=\"og:url\" content=\"https:\/\/www.madrimasd.org\/blogs\/culturadered\/iml\/\" \/>\n<meta property=\"og:site_name\" content=\"Cultura de red\" \/>\n<meta property=\"article:modified_time\" content=\"2024-12-27T09:22:26+00:00\" \/>\n<meta property=\"og:image\" content=\"http:\/\/www.madrimasd.org\/blogs\/culturadered\/files\/2011\/01\/IML-51.jpg\" \/>\n<meta name=\"twitter:card\" content=\"summary_large_image\" \/>\n<meta name=\"twitter:label1\" content=\"Tiempo de lectura\" \/>\n\t<meta name=\"twitter:data1\" content=\"2 minutos\" \/>\n<script type=\"application\/ld+json\" class=\"yoast-schema-graph\">{\"@context\":\"https:\/\/schema.org\",\"@graph\":[{\"@type\":\"WebSite\",\"@id\":\"https:\/\/www.madrimasd.org\/blogs\/culturadered\/#website\",\"url\":\"https:\/\/www.madrimasd.org\/blogs\/culturadered\/\",\"name\":\"Cultura de red\",\"description\":\"By Jes\u00fas Miguel Flores-Vivar, Emerging Media Analist &amp; Professor at Complutense University of Madrid. Chairman of Cyberjournalism Congress &amp; Director of Internet Media Lab-UCM.\",\"potentialAction\":[{\"@type\":\"SearchAction\",\"target\":{\"@type\":\"EntryPoint\",\"urlTemplate\":\"https:\/\/www.madrimasd.org\/blogs\/culturadered\/?s={search_term_string}\"},\"query-input\":\"required name=search_term_string\"}],\"inLanguage\":\"es\"},{\"@type\":\"ImageObject\",\"@id\":\"https:\/\/www.madrimasd.org\/blogs\/culturadered\/iml\/#primaryimage\",\"inLanguage\":\"es\",\"url\":\"http:\/\/www.madrimasd.org\/blogs\/culturadered\/files\/2011\/01\/IML-51.jpg\",\"contentUrl\":\"http:\/\/www.madrimasd.org\/blogs\/culturadered\/files\/2011\/01\/IML-51.jpg\"},{\"@type\":\"WebPage\",\"@id\":\"https:\/\/www.madrimasd.org\/blogs\/culturadered\/iml\/#webpage\",\"url\":\"https:\/\/www.madrimasd.org\/blogs\/culturadered\/iml\/\",\"name\":\"Internet MediaLab - Cultura de red\",\"isPartOf\":{\"@id\":\"https:\/\/www.madrimasd.org\/blogs\/culturadered\/#website\"},\"primaryImageOfPage\":{\"@id\":\"https:\/\/www.madrimasd.org\/blogs\/culturadered\/iml\/#primaryimage\"},\"datePublished\":\"2011-01-23T21:04:04+00:00\",\"dateModified\":\"2024-12-27T09:22:26+00:00\",\"breadcrumb\":{\"@id\":\"https:\/\/www.madrimasd.org\/blogs\/culturadered\/iml\/#breadcrumb\"},\"inLanguage\":\"es\",\"potentialAction\":[{\"@type\":\"ReadAction\",\"target\":[\"https:\/\/www.madrimasd.org\/blogs\/culturadered\/iml\/\"]}]},{\"@type\":\"BreadcrumbList\",\"@id\":\"https:\/\/www.madrimasd.org\/blogs\/culturadered\/iml\/#breadcrumb\",\"itemListElement\":[{\"@type\":\"ListItem\",\"position\":1,\"name\":\"Portada\",\"item\":\"https:\/\/www.madrimasd.org\/blogs\/culturadered\/\"},{\"@type\":\"ListItem\",\"position\":2,\"name\":\"Internet MediaLab\"}]}]}<\/script>\n<!-- \/ Yoast SEO plugin. -->","yoast_head_json":{"title":"Internet MediaLab - Cultura de red","robots":{"index":"index","follow":"follow","max-snippet":"max-snippet:-1","max-image-preview":"max-image-preview:large","max-video-preview":"max-video-preview:-1"},"canonical":"https:\/\/www.madrimasd.org\/blogs\/culturadered\/iml\/","og_locale":"es_ES","og_type":"article","og_title":"Internet MediaLab - Cultura de red","og_description":"El Internet Media Lab (Center for Innovation, Artificial Intelligence and Interactive Media Studies) de la Universidad Complutense de Madrid, tiene por misi\u00f3n, ayudar al periodismo y a los medios a entender su futuro en la era de Internet, de la interactividad y de la Inteligencia Artificial. Su objetivo es convertirse en un centro de referencia de investigaci\u00f3n, an\u00e1lisis y pruebas sobre los nuevos medios, las tecnolog\u00edas disruptivas y el periodismo profesional en la red, desde una perspectiva cient\u00edfica, innovadora y pragm\u00e1tica. Desde varios frentes, el IML promueve &nbsp;tentativas innovadoras que ayuden a entender los \u00e9xitos o fallos en la construcci\u00f3n\u2026","og_url":"https:\/\/www.madrimasd.org\/blogs\/culturadered\/iml\/","og_site_name":"Cultura de red","article_modified_time":"2024-12-27T09:22:26+00:00","og_image":[{"url":"http:\/\/www.madrimasd.org\/blogs\/culturadered\/files\/2011\/01\/IML-51.jpg"}],"twitter_card":"summary_large_image","twitter_misc":{"Tiempo de lectura":"2 minutos"},"schema":{"@context":"https:\/\/schema.org","@graph":[{"@type":"WebSite","@id":"https:\/\/www.madrimasd.org\/blogs\/culturadered\/#website","url":"https:\/\/www.madrimasd.org\/blogs\/culturadered\/","name":"Cultura de red","description":"By Jes\u00fas Miguel Flores-Vivar, Emerging Media Analist &amp; Professor at Complutense University of Madrid. Chairman of Cyberjournalism Congress &amp; Director of Internet Media Lab-UCM.","potentialAction":[{"@type":"SearchAction","target":{"@type":"EntryPoint","urlTemplate":"https:\/\/www.madrimasd.org\/blogs\/culturadered\/?s={search_term_string}"},"query-input":"required name=search_term_string"}],"inLanguage":"es"},{"@type":"ImageObject","@id":"https:\/\/www.madrimasd.org\/blogs\/culturadered\/iml\/#primaryimage","inLanguage":"es","url":"http:\/\/www.madrimasd.org\/blogs\/culturadered\/files\/2011\/01\/IML-51.jpg","contentUrl":"http:\/\/www.madrimasd.org\/blogs\/culturadered\/files\/2011\/01\/IML-51.jpg"},{"@type":"WebPage","@id":"https:\/\/www.madrimasd.org\/blogs\/culturadered\/iml\/#webpage","url":"https:\/\/www.madrimasd.org\/blogs\/culturadered\/iml\/","name":"Internet MediaLab - Cultura de red","isPartOf":{"@id":"https:\/\/www.madrimasd.org\/blogs\/culturadered\/#website"},"primaryImageOfPage":{"@id":"https:\/\/www.madrimasd.org\/blogs\/culturadered\/iml\/#primaryimage"},"datePublished":"2011-01-23T21:04:04+00:00","dateModified":"2024-12-27T09:22:26+00:00","breadcrumb":{"@id":"https:\/\/www.madrimasd.org\/blogs\/culturadered\/iml\/#breadcrumb"},"inLanguage":"es","potentialAction":[{"@type":"ReadAction","target":["https:\/\/www.madrimasd.org\/blogs\/culturadered\/iml\/"]}]},{"@type":"BreadcrumbList","@id":"https:\/\/www.madrimasd.org\/blogs\/culturadered\/iml\/#breadcrumb","itemListElement":[{"@type":"ListItem","position":1,"name":"Portada","item":"https:\/\/www.madrimasd.org\/blogs\/culturadered\/"},{"@type":"ListItem","position":2,"name":"Internet MediaLab"}]}]}},"_links":{"self":[{"href":"https:\/\/www.madrimasd.org\/blogs\/culturadered\/wp-json\/wp\/v2\/pages\/129528"}],"collection":[{"href":"https:\/\/www.madrimasd.org\/blogs\/culturadered\/wp-json\/wp\/v2\/pages"}],"about":[{"href":"https:\/\/www.madrimasd.org\/blogs\/culturadered\/wp-json\/wp\/v2\/types\/page"}],"author":[{"embeddable":true,"href":"https:\/\/www.madrimasd.org\/blogs\/culturadered\/wp-json\/wp\/v2\/users\/60"}],"replies":[{"embeddable":true,"href":"https:\/\/www.madrimasd.org\/blogs\/culturadered\/wp-json\/wp\/v2\/comments?post=129528"}],"version-history":[{"count":17,"href":"https:\/\/www.madrimasd.org\/blogs\/culturadered\/wp-json\/wp\/v2\/pages\/129528\/revisions"}],"predecessor-version":[{"id":130879,"href":"https:\/\/www.madrimasd.org\/blogs\/culturadered\/wp-json\/wp\/v2\/pages\/129528\/revisions\/130879"}],"wp:attachment":[{"href":"https:\/\/www.madrimasd.org\/blogs\/culturadered\/wp-json\/wp\/v2\/media?parent=129528"}],"curies":[{"name":"wp","href":"https:\/\/api.w.org\/{rel}","templated":true}]}}