{"id":2,"date":"2024-06-06T15:09:40","date_gmt":"2024-06-06T13:09:40","guid":{"rendered":"https:\/\/www.madrimasd.org\/blogs\/enfermeriaprimaria\/?page_id=2"},"modified":"2024-06-21T10:24:16","modified_gmt":"2024-06-21T08:24:16","slug":"mapa-del-sitio","status":"publish","type":"page","link":"https:\/\/www.madrimasd.org\/blogs\/enfermeriaprimaria\/mapa-del-sitio\/","title":{"rendered":"Mapa del Sitio"},"content":{"rendered":"<p>A continuaci\u00f3n tienes una <strong>referencia de todas las publicaciones de este blog organizadas<\/strong> por categor\u00edas y fechas:<\/p>\n<div class=\"aioseo-html-sitemap\"><style>.aioseo-html-sitemap.labels-hidden ul { margin: 0; }<\/style><div class=\"aioseo-html-post-sitemap\"><h4>Entradas<\/h4><ul><li><a href=\"https:\/\/www.madrimasd.org\/blogs\/enfermeriaprimaria\/bienvenida-me-presento\/\" >Bienvenid@! Me presento (11 de junio de 2024)<\/a><\/li><li><a href=\"https:\/\/www.madrimasd.org\/blogs\/enfermeriaprimaria\/como-usar-tensiometro-ambulatorio-tm-2440\/\" >C\u00f3mo usar el tensi\u00f3metro ambulatorio TM-2440 (21 de junio de 2024)<\/a><\/li><li><a href=\"https:\/\/www.madrimasd.org\/blogs\/enfermeriaprimaria\/como-usar-iodosorb\/\" >C\u00f3mo se usa Iodosorb y sus diferentes presentaciones (12 de julio de 2024)<\/a><\/li><li><a href=\"https:\/\/www.madrimasd.org\/blogs\/enfermeriaprimaria\/etapas-modelo-cambio-prochaska-diclemente\/\" >Etapas del Modelo del Cambio de Prochaska y Diclemente (15 de octubre de 2024)<\/a><\/li><li><a href=\"https:\/\/www.madrimasd.org\/blogs\/enfermeriaprimaria\/nuevos-protocolos-enfermeria-sergas-para-descongestionar-atencion-primaria\/\" >Nuevos protocolos para Enfermer\u00eda del SERGAS para descongestionar la Atenci\u00f3n Primaria (29 de octubre de 2024)<\/a><\/li><li><a href=\"https:\/\/www.madrimasd.org\/blogs\/enfermeriaprimaria\/como-identificar-y-tratar-ulceras-mas-habituales\/\" >C\u00f3mo identificar y tratar las \u00falceras m\u00e1s habituales (4 de diciembre de 2024)<\/a><\/li><li><a href=\"https:\/\/www.madrimasd.org\/blogs\/enfermeriaprimaria\/listado-de-medicamentos-de-dispensacion-por-enfermeria\/\" >Listado de medicamentos de Dispensaci\u00f3n por Enfermer\u00eda (15 de diciembre de 2024)<\/a><\/li><li><a href=\"https:\/\/www.madrimasd.org\/blogs\/enfermeriaprimaria\/guia-indice-tobillo-brazo-para-enfermeria\/\" >Gu\u00eda sobre \u00cdndice Tobillo Brazo para Enfermer\u00eda (4 de enero de 2025)<\/a><\/li><li><a href=\"https:\/\/www.madrimasd.org\/blogs\/enfermeriaprimaria\/aplicacion-ecuidados-para-enfermeria\/\" >Aplicaci\u00f3n eCuidados para Enfermer\u00eda (1 de marzo de 2025)<\/a><\/li><li><a href=\"https:\/\/www.madrimasd.org\/blogs\/enfermeriaprimaria\/como-recuperar-anos-cotizacion-practicas-formativas\/\" >C\u00f3mo Recuperar tus A\u00f1os de Cotizaci\u00f3n por Pr\u00e1cticas formativas (13 de marzo de 2025)<\/a><\/li><li><a href=\"https:\/\/www.madrimasd.org\/blogs\/enfermeriaprimaria\/utilidad-palpacion-pulsos-pedios\/\" >Utilidad y Palpaci\u00f3n de Pulsos Pedios (13 de abril de 2025)<\/a><\/li><li><a href=\"https:\/\/www.madrimasd.org\/blogs\/enfermeriaprimaria\/problema-emergente-aplv\/\" >El Problema Emergente de la APLV (25 de abril de 2025)<\/a><\/li><li><a href=\"https:\/\/www.madrimasd.org\/blogs\/enfermeriaprimaria\/recomendaciones-sobre-lactancia-materna\/\" >Recomendaciones sobre Lactancia Materna (9 de diciembre de 2025)<\/a><\/li><\/ul><\/div><br \/><div class=\"aioseo-html-page-sitemap\"><h4>P\u00e1ginas<\/h4><ul><li><a href=\"https:\/\/www.madrimasd.org\/blogs\/enfermeriaprimaria\/mapa-del-sitio\/\" >Mapa del Sitio (6 de junio de 2024)<\/a><\/li><\/ul><\/div><br \/><div class=\"aioseo-html-category-sitemap\"><h4>Categor\u00edas<\/h4><ul><li><a href=\"https:\/\/www.madrimasd.org\/blogs\/enfermeriaprimaria\/category\/hipertension-arterial\/\" >Hipertensi\u00f3n Arterial<\/a><\/li><li><a href=\"https:\/\/www.madrimasd.org\/blogs\/enfermeriaprimaria\/category\/dispositivos\/\" >Dispositivos<\/a><\/li><li><a href=\"https:\/\/www.madrimasd.org\/blogs\/enfermeriaprimaria\/category\/curas\/\" >Curas<\/a><\/li><li><a href=\"https:\/\/www.madrimasd.org\/blogs\/enfermeriaprimaria\/category\/adicciones\/\" >Adicciones<\/a><ul><li><a href=\"https:\/\/www.madrimasd.org\/blogs\/enfermeriaprimaria\/category\/adicciones\/tabaco\/\" >Tabaco<\/a><\/li><\/ul><\/li><li><a href=\"https:\/\/www.madrimasd.org\/blogs\/enfermeriaprimaria\/category\/legislacion\/\" >Legislaci\u00f3n<\/a><\/li><li><a href=\"https:\/\/www.madrimasd.org\/blogs\/enfermeriaprimaria\/category\/procedimientos\/\" >Procedimientos<\/a><\/li><li><a href=\"https:\/\/www.madrimasd.org\/blogs\/enfermeriaprimaria\/category\/pediatria\/\" >Pediatr\u00eda<\/a><\/li><li><a href=\"https:\/\/www.madrimasd.org\/blogs\/enfermeriaprimaria\/category\/sin-categoria\/\" >Sin categor\u00eda<\/a><\/li><li><a href=\"https:\/\/www.madrimasd.org\/blogs\/enfermeriaprimaria\/category\/diabetes\/\" >Diabetes<\/a><\/li><\/ul><\/div><br \/><\/div>\n","protected":false},"excerpt":{"rendered":"<p>A continuaci\u00f3n tienes una referencia de todas las publicaciones de este blog organizadas por categor\u00edas y fechas:<\/p>\n","protected":false},"author":216,"featured_media":0,"parent":0,"menu_order":0,"comment_status":"closed","ping_status":"open","template":"","meta":{"ngg_post_thumbnail":0},"blocksy_meta":{"styles_descriptor":{"styles":{"desktop":"","tablet":"","mobile":""},"google_fonts":[],"version":4}},"aioseo_notices":[],"_links":{"self":[{"href":"https:\/\/www.madrimasd.org\/blogs\/enfermeriaprimaria\/wp-json\/wp\/v2\/pages\/2"}],"collection":[{"href":"https:\/\/www.madrimasd.org\/blogs\/enfermeriaprimaria\/wp-json\/wp\/v2\/pages"}],"about":[{"href":"https:\/\/www.madrimasd.org\/blogs\/enfermeriaprimaria\/wp-json\/wp\/v2\/types\/page"}],"author":[{"embeddable":true,"href":"https:\/\/www.madrimasd.org\/blogs\/enfermeriaprimaria\/wp-json\/wp\/v2\/users\/216"}],"replies":[{"embeddable":true,"href":"https:\/\/www.madrimasd.org\/blogs\/enfermeriaprimaria\/wp-json\/wp\/v2\/comments?post=2"}],"version-history":[{"count":4,"href":"https:\/\/www.madrimasd.org\/blogs\/enfermeriaprimaria\/wp-json\/wp\/v2\/pages\/2\/revisions"}],"predecessor-version":[{"id":70,"href":"https:\/\/www.madrimasd.org\/blogs\/enfermeriaprimaria\/wp-json\/wp\/v2\/pages\/2\/revisions\/70"}],"wp:attachment":[{"href":"https:\/\/www.madrimasd.org\/blogs\/enfermeriaprimaria\/wp-json\/wp\/v2\/media?parent=2"}],"curies":[{"name":"wp","href":"https:\/\/api.w.org\/{rel}","templated":true}]}}