{"id":11,"date":"2010-07-08T08:57:45","date_gmt":"2010-07-08T07:57:45","guid":{"rendered":"http:\/\/www.madrimasd.org\/blogs\/envejecer-positivo\/?page_id=11"},"modified":"2010-07-12T17:01:32","modified_gmt":"2010-07-12T16:01:32","slug":"fgcsic","status":"publish","type":"page","link":"https:\/\/www.madrimasd.org\/blogs\/envejecer-positivo\/fgcsic\/","title":{"rendered":"FGCSIC"},"content":{"rendered":"<p><b><img decoding=\"async\" class=\"alignleft\" style=\"margin: 10px;\" mce_style=\"margin: 10px;\" src=\"http:\/\/www.fgcsic.es\/images\/quienes_somos.gif\" mce_src=\"http:\/\/www.fgcsic.es\/images\/quienes_somos.gif\" alt=\"\" height=\"67\" width=\"76\"\/>La Fundaci\u00f3n General CSIC<\/b> se         crea el 23 de julio de 2008 con el prop\u00f3sito de         proporcionar al sistema espa\u00f1ol de I+D un lugar de         convergencia en el que se articulen los intereses de la         investigaci\u00f3n cient\u00edfica, el mundo         empresarial y la sociedad en su conjunto, y, en definitiva,         con la pretensi\u00f3n de resultar un instrumento         \u00fatil para el desarrollo cient\u00edfico,         tecnol\u00f3gico, econ\u00f3mico y social del Estado         espa\u00f1ol.<\/p>\n<h5><a title=\"Mision y objetivos\" href=\"http:\/\/www.fgcsic.es\/quienes_somos\/mision_y_objetivos\" mce_href=\"http:\/\/www.fgcsic.es\/quienes_somos\/mision_y_objetivos\"><img decoding=\"async\" class=\"alignleft\" style=\"margin: 10px;\" mce_style=\"margin: 10px;\" src=\"http:\/\/www.fgcsic.es\/images\/mision_ico.gif\" mce_src=\"http:\/\/www.fgcsic.es\/images\/mision_ico.gif\" alt=\"Mision y  objetivos\" height=\"54\" width=\"54\"\/><\/a><a href=\"http:\/\/www.fgcsic.es\/quienes_somos\/mision_y_objetivos\" mce_href=\"http:\/\/www.fgcsic.es\/quienes_somos\/mision_y_objetivos\" target=\"_blank\"><\/a><br mce_bogus=\"1\"\/><\/h5>\n<h2><span style=\"color: rgb(153, 51, 0);\" mce_style=\"color: #993300;\"><a href=\"http:\/\/www.fgcsic.es\/quienes_somos\/mision_y_objetivos\" mce_href=\"http:\/\/www.fgcsic.es\/quienes_somos\/mision_y_objetivos\" target=\"_blank\">Misi\u00f3n y Objetivos<\/a><\/span><\/h2>\n<p><span style=\"color: rgb(153, 51, 0);\" mce_style=\"color: #993300;\"><br \/>\n<\/span><\/p>\n<p>Junto con el objetivo fundacional de facilitar,         potenciar, promover y articular financiaci\u00f3n privada         para realizar investigaci\u00f3n p\u00fablica, la         <b>Fundaci\u00f3n General CSIC<\/b> nace con la         siguiente misi\u00f3n:<\/p>\n<ul>\n<li><b>Trasladar<\/b> al sector productivo y             al ciudadano en general la importancia de la             investigaci\u00f3n cient\u00edfica para el             desarrollo y progreso global de la econom\u00eda y la             sociedad.<\/li>\n<li><b>Servir<\/b> de veh\u00edculo a las             iniciativas de car\u00e1cter privado para desarrollar             investigaci\u00f3n en organismos p\u00fablicos o             p\u00fablico-privados.<\/li>\n<li><b>Realizar<\/b> estudios prospectivos de             tipo cient\u00edfico, econ\u00f3mico o social que             identifiquen necesidades y problemas de la sociedad,             as\u00ed como las potencialidades investigadoras del             tejido cient\u00edfico-tecnol\u00f3gico             espa\u00f1ol.<\/li>\n<li><b>Llevar<\/b> a cabo estudios de             car\u00e1cter estrat\u00e9gico y definir             estrategias en el \u00e1mbito de la             investigaci\u00f3n cient\u00edfica.<\/li>\n<li><b>Vertebrar y articular<\/b> a los             actores del escenario cient\u00edfico y             tecnol\u00f3gico espa\u00f1ol.<\/li>\n<li><b>Promover y coordinar<\/b> el desarrollo             de proyectos de investigaci\u00f3n ambiciosos, de             dif\u00edcil articulaci\u00f3n exclusivamente en el             sector privado o p\u00fablico.<\/li>\n<\/ul>\n<p><img decoding=\"async\" src=\"file:\/\/\/C:\/Users\/JOSELU%7E1\/AppData\/Local\/Temp\/moz-screenshot.png\" mce_src=\"file:\/\/\/C:\/Users\/JOSELU%7E1\/AppData\/Local\/Temp\/moz-screenshot.png\" alt=\"\"\/><\/p>\n<h2><a title=\"Sede\" href=\"http:\/\/www.fgcsic.es\/quienes_somos\/sede_fundacion_general_csic\" mce_href=\"http:\/\/www.fgcsic.es\/quienes_somos\/sede_fundacion_general_csic\"><img decoding=\"async\" class=\"alignleft\" style=\"margin: 10px;\" mce_style=\"margin: 10px;\" src=\"http:\/\/www.fgcsic.es\/images\/sede_ico.gif\" mce_src=\"http:\/\/www.fgcsic.es\/images\/sede_ico.gif\" alt=\"Sede\" height=\"54\" width=\"54\"\/> <\/a><br mce_bogus=\"1\"\/><\/h2>\n<h2><a title=\"Sede\" href=\"http:\/\/www.fgcsic.es\/contacto\" mce_href=\"http:\/\/www.fgcsic.es\/contacto\" target=\"_blank\">Contacto<\/a><br mce_bogus=\"1\"\/><\/h2>\n<p style=\"padding-left: 60px;\" mce_style=\"padding-left: 60px;\">\n<address style=\"padding-left: 90px;\" mce_style=\"padding-left: 90px;\"><b>Fundaci\u00f3n General CSIC.<\/b><\/address>\n<address style=\"padding-left: 90px;\" mce_style=\"padding-left: 90px;\">Calle Principe de Vergara, 9. 2\u00ba Dcha. <\/address>\n<address style=\"padding-left: 90px;\" mce_style=\"padding-left: 90px;\">28001 Madrid<\/address>\n<address style=\"padding-left: 90px;\" mce_style=\"padding-left: 90px;\"> Tel\u00e9fono 917815999<\/address>\n<address style=\"padding-left: 90px;\" mce_style=\"padding-left: 90px;\">Fax 917812159<\/address>\n<address style=\"padding-left: 90px;\" mce_style=\"padding-left: 90px;\"> e-mail: <a href=\"mailto:info@fgcsic.es\" mce_href=\"mailto:info@fgcsic.es\">info@fgcsic.es <\/a><br mce_bogus=\"1\"\/><\/address>\n<p style=\"padding-left: 90px;\" mce_style=\"padding-left: 90px;\">\n<p style=\"padding-left: 90px;\" mce_style=\"padding-left: 90px;\">\n","protected":false},"excerpt":{"rendered":"<p>La Fundaci\u00f3n General CSIC se crea el 23 de julio de 2008 con el prop\u00f3sito de proporcionar al sistema espa\u00f1ol de I+D un lugar de convergencia en el que se articulen los intereses de la investigaci\u00f3n cient\u00edfica, el mundo empresarial y la sociedad en su conjunto, y, en definitiva, con la pretensi\u00f3n de resultar un instrumento \u00fatil para el desarrollo cient\u00edfico, tecnol\u00f3gico, econ\u00f3mico y social del Estado espa\u00f1ol. Misi\u00f3n y Objetivos Junto con el objetivo fundacional de facilitar, potenciar, promover y articular financiaci\u00f3n privada para realizar investigaci\u00f3n p\u00fablica, la Fundaci\u00f3n General CSIC nace con la siguiente misi\u00f3n: Trasladar al sector\u2026<\/p>\n","protected":false},"author":156,"featured_media":0,"parent":0,"menu_order":0,"comment_status":"open","ping_status":"open","template":"","meta":{"ngg_post_thumbnail":0},"blocksy_meta":{"styles_descriptor":{"styles":{"desktop":"","tablet":"","mobile":""},"google_fonts":[],"version":4}},"aioseo_notices":[],"_links":{"self":[{"href":"https:\/\/www.madrimasd.org\/blogs\/envejecer-positivo\/wp-json\/wp\/v2\/pages\/11"}],"collection":[{"href":"https:\/\/www.madrimasd.org\/blogs\/envejecer-positivo\/wp-json\/wp\/v2\/pages"}],"about":[{"href":"https:\/\/www.madrimasd.org\/blogs\/envejecer-positivo\/wp-json\/wp\/v2\/types\/page"}],"author":[{"embeddable":true,"href":"https:\/\/www.madrimasd.org\/blogs\/envejecer-positivo\/wp-json\/wp\/v2\/users\/156"}],"replies":[{"embeddable":true,"href":"https:\/\/www.madrimasd.org\/blogs\/envejecer-positivo\/wp-json\/wp\/v2\/comments?post=11"}],"version-history":[{"count":20,"href":"https:\/\/www.madrimasd.org\/blogs\/envejecer-positivo\/wp-json\/wp\/v2\/pages\/11\/revisions"}],"predecessor-version":[{"id":53,"href":"https:\/\/www.madrimasd.org\/blogs\/envejecer-positivo\/wp-json\/wp\/v2\/pages\/11\/revisions\/53"}],"wp:attachment":[{"href":"https:\/\/www.madrimasd.org\/blogs\/envejecer-positivo\/wp-json\/wp\/v2\/media?parent=11"}],"curies":[{"name":"wp","href":"https:\/\/api.w.org\/{rel}","templated":true}]}}