{"id":131460,"date":"2013-01-03T21:06:09","date_gmt":"2013-01-03T20:06:09","guid":{"rendered":"http:\/\/www.madrimasd.org\/blogs\/fisioterapia\/?page_id=131460"},"modified":"2023-03-29T21:34:23","modified_gmt":"2023-03-29T20:34:23","slug":"un-sitio-para-compartir-y-difundir-fisioterapia","status":"publish","type":"page","link":"https:\/\/www.madrimasd.org\/blogs\/fisioterapia\/un-sitio-para-compartir-y-difundir-fisioterapia\/","title":{"rendered":"Sobre la bit\u00e1cora"},"content":{"rendered":"<p style=\"text-align: justify\">Desde finales de 2006 hacemos uso de la oportunidad que nos brinda el sistema Madri+d para divulgar, difundir y promocionar la Fisioterapia. Elegimos esta profesi\u00f3n llevados m\u00e1s bien por cuestiones pr\u00e1cticas, sin apenas conocimiento de su realidad. Y se ha convertido en algo apasionante, una elecci\u00f3n de la que nos sentimos enormemente satisfechos. Ya han pasado algunos a\u00f1os, en los que la Fisioterapia ha experimentado una evidente progresi\u00f3n en cuanto a su calidad cient\u00edfica y acad\u00e9mica y su reconocimiento social, sentando las bases de uno de sus anhelos, la autonom\u00eda del profesional para la planificaci\u00f3n y ejecuci\u00f3n de su labor asistencial. Es esta un elemento esencial para poder satisfacer las demandas y necesidades de los usuarios y de la comunidad a la que presta sus servicios.<\/p>\n<p style=\"text-align: justify\"><a href=\"https:\/\/www.madrimasd.org\/blogs\/fisioterapia\/files\/2013\/01\/Manos-unidas-para-cuidar.jpg\"><img decoding=\"async\" class=\"aligncenter size-full wp-image-132949\" title=\"Manos unidas para cuidar\" src=\"https:\/\/www.madrimasd.org\/blogs\/fisioterapia\/files\/2013\/01\/Manos-unidas-para-cuidar.jpg\" alt=\"\" width=\"295\" height=\"221\"><\/a><\/p>\n<p style=\"text-align: justify\">Pero adem\u00e1s los fisioterapeutas, fruto tambi\u00e9n de esa progresi\u00f3n, desarrollan otras funciones. As\u00ed, la mayor formaci\u00f3n, propiciada por el esfuerzo de muchos profesionales y por la titulaci\u00f3n de Grado, permite abordar la indispensable labor investigadora. La gesti\u00f3n, desde el puesto como cl\u00ednico a la direcci\u00f3n de unidades asistenciales y de otro tipo, se debe asumir como una faceta importante para el desarrollo de la Fisioterapia. Y la docencia, plataforma desde que aumentar el acervo de conocimientos y valores de los estudiantes y profesionales.<\/p>\n<p style=\"text-align: justify\">Nosotros desde este sitio pretendemos contribuir modestamente a que la Fisioterapia sea \u00fatil a la sociedad. Tambi\u00e9n opinaremos y nos quejaremos sobre algunas otras cosas relacionadas. Esperamos, en todo caso, que sirva al visitante, aunque pueda, en ocasiones, sentirse inc\u00f3modo.<\/p>\n<p style=\"text-align: right\">Juan Antonio Gonz\u00e1lez Garc\u00eda.<br \/>\nFisioterapeuta.<\/p>\n<p style=\"text-align: justify\"><strong><a href=\"https:\/\/www.madrimasd.org\/blogs\/fisioterapia\/\">LEER FISIOTERAPIA.<\/a><\/strong><\/p>\n","protected":false},"excerpt":{"rendered":"<p>Desde finales de 2006 hacemos uso de la oportunidad que nos brinda el sistema Madri+d para divulgar, difundir y promocionar la Fisioterapia. Elegimos esta profesi\u00f3n llevados m\u00e1s bien por cuestiones pr\u00e1cticas, sin apenas conocimiento de su realidad. Y se ha convertido en algo apasionante, una elecci\u00f3n de la que nos sentimos enormemente satisfechos. Ya han pasado algunos a\u00f1os, en los que la Fisioterapia ha experimentado una evidente progresi\u00f3n en cuanto a su calidad cient\u00edfica y acad\u00e9mica y su reconocimiento social, sentando las bases de uno de sus anhelos, la autonom\u00eda del profesional para la planificaci\u00f3n y ejecuci\u00f3n de su labor\u2026<\/p>\n","protected":false},"author":67,"featured_media":0,"parent":0,"menu_order":0,"comment_status":"closed","ping_status":"closed","template":"","meta":{"_mi_skip_tracking":false,"ngg_post_thumbnail":0},"blocksy_meta":{"styles_descriptor":{"styles":{"desktop":"","tablet":"","mobile":""},"google_fonts":[],"version":4}},"aioseo_notices":[],"_links":{"self":[{"href":"https:\/\/www.madrimasd.org\/blogs\/fisioterapia\/wp-json\/wp\/v2\/pages\/131460"}],"collection":[{"href":"https:\/\/www.madrimasd.org\/blogs\/fisioterapia\/wp-json\/wp\/v2\/pages"}],"about":[{"href":"https:\/\/www.madrimasd.org\/blogs\/fisioterapia\/wp-json\/wp\/v2\/types\/page"}],"author":[{"embeddable":true,"href":"https:\/\/www.madrimasd.org\/blogs\/fisioterapia\/wp-json\/wp\/v2\/users\/67"}],"replies":[{"embeddable":true,"href":"https:\/\/www.madrimasd.org\/blogs\/fisioterapia\/wp-json\/wp\/v2\/comments?post=131460"}],"version-history":[{"count":27,"href":"https:\/\/www.madrimasd.org\/blogs\/fisioterapia\/wp-json\/wp\/v2\/pages\/131460\/revisions"}],"predecessor-version":[{"id":136889,"href":"https:\/\/www.madrimasd.org\/blogs\/fisioterapia\/wp-json\/wp\/v2\/pages\/131460\/revisions\/136889"}],"wp:attachment":[{"href":"https:\/\/www.madrimasd.org\/blogs\/fisioterapia\/wp-json\/wp\/v2\/media?parent=131460"}],"curies":[{"name":"wp","href":"https:\/\/api.w.org\/{rel}","templated":true}]}}