{"id":133574,"date":"2014-01-30T19:08:32","date_gmt":"2014-01-30T18:08:32","guid":{"rendered":"http:\/\/www.madrimasd.org\/blogs\/fisioterapia\/?page_id=133574"},"modified":"2022-02-23T20:44:23","modified_gmt":"2022-02-23T19:44:23","slug":"fisioeducacion","status":"publish","type":"page","link":"https:\/\/www.madrimasd.org\/blogs\/fisioterapia\/fisioeducacion\/","title":{"rendered":"fisioEducaci\u00f3n"},"content":{"rendered":"<p><a href=\"https:\/\/www.fisioeducacion.es\/\" target=\"_blank\" rel=\"noopener\">Fisioeducaci\u00f3n<\/a>, o fen, como nos gusta llamarla. En este sitio encontrar\u00e1s una oferta mucho m\u00e1s amplia y tambi\u00e9n una puerta de entrada para colaborar, aportar, compartir, aprender o publicar en su revista <a href=\"https:\/\/www.fisioeducacion.es\/fisioglia\/ultimonumero\" target=\"_blank\" rel=\"noopener\">fisioGl\u00eda<\/a>. Esperamos que os interese a partir de esta presentaci\u00f3n:<\/p>\n<p style=\"text-align: left\"><a href=\"http:\/\/www.fisioeducacion.net\/\"><img decoding=\"async\" class=\"aligncenter wp-image-133575\" title=\"Fisioeducacion\" src=\"https:\/\/www.madrimasd.org\/blogs\/fisioterapia\/files\/2014\/01\/Fisioeducacion.png\" alt=\"\" width=\"463\" height=\"98\" srcset=\"https:\/\/www.madrimasd.org\/blogs\/fisioterapia\/files\/2014\/01\/Fisioeducacion.png 724w, https:\/\/www.madrimasd.org\/blogs\/fisioterapia\/files\/2014\/01\/Fisioeducacion-300x62.png 300w\" sizes=\"(max-width: 463px) 100vw, 463px\" \/><\/a>\u00abEste proyecto nace de la uni\u00f3n&nbsp;<strong>creativa<\/strong>&nbsp;de tres profesionales&nbsp; que han compartido&nbsp; gran parte de su vida laboral y otros proyectos en el \u00e1mbito de la&nbsp;<strong>Fisioterapia<\/strong>&nbsp;y se plasma el 15 de noviembre de 2012 con la&nbsp;apertura de este sitio web, blog, y campus abierto incluidos.<\/p>\n<p style=\"text-align: left\">En una nueva \u00e9poca donde se hace necesario una nueva forma de&nbsp;<strong>comunicaci\u00f3n<\/strong>, una nueva forma de trabajar en la que la&nbsp;<strong>Red<\/strong>&nbsp;est\u00e1 presente en todos los contextos personales y profesionales y en la que las decisiones y la informaci\u00f3n en materia de salud son compartidas, ofrecemos este espacio virtual de encuentro.<\/p>\n<p style=\"text-align: left\">Nuestro objetivo es proporcionar un entorno de participaci\u00f3n y compartici\u00f3n entre profesionales, estudiantes, usuarios y familias para promocionar la salud, propiciar formaci\u00f3n y facilitar opini\u00f3n y cr\u00edtica constructivas .<\/p>\n<p style=\"text-align: left\">Somos&nbsp;Luis Bernal Ruiz,&nbsp;Gema Gallardo S\u00e1nchez&nbsp;y&nbsp;Juan Antonio Gonz\u00e1lez Garc\u00eda, fisioterapeutas que desarrollamos nuestra labor asistencial, docente e investigadora en el \u00e1mbito sanitario\u00bb.<\/p>\n<p style=\"text-align: left\">Os esperamos.<\/p>\n<p>&nbsp;<\/p>\n","protected":false},"excerpt":{"rendered":"<p>Fisioeducaci\u00f3n, o fen, como nos gusta llamarla. En este sitio encontrar\u00e1s una oferta mucho m\u00e1s amplia y tambi\u00e9n una puerta de entrada para colaborar, aportar, compartir, aprender o publicar en su revista fisioGl\u00eda. Esperamos que os interese a partir de esta presentaci\u00f3n: \u00abEste proyecto nace de la uni\u00f3n&nbsp;creativa&nbsp;de tres profesionales&nbsp; que han compartido&nbsp; gran parte de su vida laboral y otros proyectos en el \u00e1mbito de la&nbsp;Fisioterapia&nbsp;y se plasma el 15 de noviembre de 2012 con la&nbsp;apertura de este sitio web, blog, y campus abierto incluidos. En una nueva \u00e9poca donde se hace necesario una nueva forma de&nbsp;comunicaci\u00f3n, una nueva\u2026<\/p>\n","protected":false},"author":67,"featured_media":0,"parent":0,"menu_order":1,"comment_status":"open","ping_status":"open","template":"","meta":{"_mi_skip_tracking":false,"ngg_post_thumbnail":0},"blocksy_meta":{"styles_descriptor":{"styles":{"desktop":"","tablet":"","mobile":""},"google_fonts":[],"version":4}},"aioseo_notices":[],"_links":{"self":[{"href":"https:\/\/www.madrimasd.org\/blogs\/fisioterapia\/wp-json\/wp\/v2\/pages\/133574"}],"collection":[{"href":"https:\/\/www.madrimasd.org\/blogs\/fisioterapia\/wp-json\/wp\/v2\/pages"}],"about":[{"href":"https:\/\/www.madrimasd.org\/blogs\/fisioterapia\/wp-json\/wp\/v2\/types\/page"}],"author":[{"embeddable":true,"href":"https:\/\/www.madrimasd.org\/blogs\/fisioterapia\/wp-json\/wp\/v2\/users\/67"}],"replies":[{"embeddable":true,"href":"https:\/\/www.madrimasd.org\/blogs\/fisioterapia\/wp-json\/wp\/v2\/comments?post=133574"}],"version-history":[{"count":25,"href":"https:\/\/www.madrimasd.org\/blogs\/fisioterapia\/wp-json\/wp\/v2\/pages\/133574\/revisions"}],"predecessor-version":[{"id":136261,"href":"https:\/\/www.madrimasd.org\/blogs\/fisioterapia\/wp-json\/wp\/v2\/pages\/133574\/revisions\/136261"}],"wp:attachment":[{"href":"https:\/\/www.madrimasd.org\/blogs\/fisioterapia\/wp-json\/wp\/v2\/media?parent=133574"}],"curies":[{"name":"wp","href":"https:\/\/api.w.org\/{rel}","templated":true}]}}