{"id":133599,"date":"2014-01-31T14:36:18","date_gmt":"2014-01-31T13:36:18","guid":{"rendered":"http:\/\/www.madrimasd.org\/blogs\/fisioterapia\/?page_id=133599"},"modified":"2017-11-14T06:17:45","modified_gmt":"2017-11-14T05:17:45","slug":"contacto","status":"publish","type":"page","link":"https:\/\/www.madrimasd.org\/blogs\/fisioterapia\/contacto\/","title":{"rendered":"Contacto"},"content":{"rendered":"<p>Para contactar con Juan Antonio Gonz\u00e1lez Garc\u00eda puede hacerlo en la direcci\u00f3n juanantonio.gonzalez@salud.madrid.org. Rogamos no utilizar esta v\u00eda para consultas sobre problemas de salud, para lo que le recomendamos que se dirija a su profesional de referencia.<\/p>\n","protected":false},"excerpt":{"rendered":"<p>Para contactar con Juan Antonio Gonz\u00e1lez Garc\u00eda puede hacerlo en la direcci\u00f3n juanantonio.gonzalez@salud.madrid.org. Rogamos no utilizar esta v\u00eda para consultas sobre problemas de salud, para lo que le recomendamos que se dirija a su profesional de referencia.<\/p>\n","protected":false},"author":67,"featured_media":0,"parent":0,"menu_order":3,"comment_status":"closed","ping_status":"open","template":"","meta":{"_mi_skip_tracking":false,"ngg_post_thumbnail":0},"blocksy_meta":{"styles_descriptor":{"styles":{"desktop":"","tablet":"","mobile":""},"google_fonts":[],"version":4}},"aioseo_notices":[],"_links":{"self":[{"href":"https:\/\/www.madrimasd.org\/blogs\/fisioterapia\/wp-json\/wp\/v2\/pages\/133599"}],"collection":[{"href":"https:\/\/www.madrimasd.org\/blogs\/fisioterapia\/wp-json\/wp\/v2\/pages"}],"about":[{"href":"https:\/\/www.madrimasd.org\/blogs\/fisioterapia\/wp-json\/wp\/v2\/types\/page"}],"author":[{"embeddable":true,"href":"https:\/\/www.madrimasd.org\/blogs\/fisioterapia\/wp-json\/wp\/v2\/users\/67"}],"replies":[{"embeddable":true,"href":"https:\/\/www.madrimasd.org\/blogs\/fisioterapia\/wp-json\/wp\/v2\/comments?post=133599"}],"version-history":[{"count":10,"href":"https:\/\/www.madrimasd.org\/blogs\/fisioterapia\/wp-json\/wp\/v2\/pages\/133599\/revisions"}],"predecessor-version":[{"id":134812,"href":"https:\/\/www.madrimasd.org\/blogs\/fisioterapia\/wp-json\/wp\/v2\/pages\/133599\/revisions\/134812"}],"wp:attachment":[{"href":"https:\/\/www.madrimasd.org\/blogs\/fisioterapia\/wp-json\/wp\/v2\/media?parent=133599"}],"curies":[{"name":"wp","href":"https:\/\/api.w.org\/{rel}","templated":true}]}}