{"id":136252,"date":"2022-02-23T00:14:46","date_gmt":"2022-02-22T23:14:46","guid":{"rendered":"https:\/\/www.madrimasd.org\/blogs\/fisioterapia\/?page_id=136252"},"modified":"2025-07-20T12:24:41","modified_gmt":"2025-07-20T11:24:41","slug":"autor","status":"publish","type":"page","link":"https:\/\/www.madrimasd.org\/blogs\/fisioterapia\/autor\/","title":{"rendered":"Autor"},"content":{"rendered":"<p style=\"text-align: justify\">Juan Antonio Gonz\u00e1lez Garc\u00eda.<\/p>\n<p style=\"text-align: justify\">Fisioterapeuta en la Unidad de Fisioterapia y Terapia Ocupacional del Hospital Universitario de Fuenlabrada (Comunidad de Madrid). Profesor asociado de la Universidad Rey Juan Carlos.<\/p>\n<p style=\"text-align: justify\">En dos l\u00edneas hemos mostrado nuestra situaci\u00f3n profesional actual. Son, sin embargo, muchos a\u00f1os ya desde que adquir\u00ed la condici\u00f3n de fisioterapeuta. Cumplidos ya los <em>cincuentay<\/em>, con m\u00e1s de dos terceras partes, previsiblemente, de mi vida como tal, y con una madurez al menos f\u00edsica nada impostada, me reafirmo en que la faceta profesional es una parte sustancial de mi vida. Creo que una gran parte de lo que soy, pienso y digo est\u00e1 condicionada por mi profesi\u00f3n.<\/p>\n<p style=\"text-align: justify\">Sin mucha prolijidad me atrevo, en un tono personal, a repasar el camino recorrido hasta aqu\u00ed. Decid\u00ed estudiar Fisioterapia en el momento justo de rellenar la instancia de solicitud de acceso a los estudios universitarios. Como aspirante a la carrera de Biolog\u00eda llegu\u00e9 a la Universidad Complutense de Madrid y un bedel me confirm\u00f3 que la nota de selectividad me llegaba para Fisioterapia, una carrera que apenas conoc\u00eda por alg\u00fan programa de televisi\u00f3n, con potencial laboral y de tres a\u00f1os, como todas las antiguas diplomaturas. Y la eleg\u00ed.<\/p>\n<p style=\"text-align: justify\">Estudi\u00e9 con un expediente notable, alguna que otra matr\u00edcula de honor y alg\u00fan suficiente. En la Facultad de Medicina de la Universidad Complutense se forj\u00f3 esa identidad profesional, con sentido de pertenencia y reivindicativo, espoleado por algunos profesores de pr\u00e1cticas, que seguro no estaban nada satisfechos con la situaci\u00f3n de la profesi\u00f3n.&nbsp;<\/p>\n<p style=\"text-align: justify\">Tras la carrera quedaba pendiente el servicio militar, la <em>mili<\/em>. En ese <em>impasse <\/em>hasta su inicio trabaj\u00e9 como fisioterapeuta en las concentraciones femenina y masculina de las selecciones sub-16 de la Federaci\u00f3n Espa\u00f1ola de Voleibol y en un centro de atenci\u00f3n a usuarios de seguros de salud. Fue un buen inicio. Ahora me atrevo a aconsejar a los futuros colegas que el trabajo es la mejor escuela, interesa adquirir desde el principio un capital experiencial que nos haga aprender y dudar. Lo compagin\u00e9 con el curso de especializaci\u00f3n en Fisioterapia del Deporte, de la Universidad de Alcal\u00e1 de Henares. Fue un acierto. All\u00ed conoc\u00ed a figuras relevantes de la fisioterapia espa\u00f1ola, como Gin\u00e9s Almaz\u00e1n, al malogrado&nbsp; Henri Neiger o a otros profesionales como Juan Antonio Corbal\u00e1n. Vimos muchos campos nuevos, conoc\u00ed a compa\u00f1eros de otros lugares y abri\u00f3 nuevas posibilidades a futuro.<\/p>\n<p style=\"text-align: justify\">El servicio militar supuso un hito vivencial importante. Tras un periodo de formaci\u00f3n como cuadro de mando fui destinado a Toledo, donde ejerc\u00ed como alf\u00e9rez. All\u00ed conoc\u00ed la existencia de fisioterapeutas militares en otros pa\u00edses, me pareci\u00f3 un opci\u00f3n interesante que, sin embargo, no parece que tenga cabida en el nuestro.<\/p>\n<p style=\"text-align: justify\">El regreso a la vida civil supon\u00eda enfrentarse, ahora s\u00ed, a la b\u00fasqueda de un empleo con intenci\u00f3n duradera. Lo encontr\u00e9 en la consulta del, por entonces, fisioterapeuta del Atl\u00e9tico de Madrid, Helder Martins. Fueron dos a\u00f1os intensos, en los que aprend\u00ed la gesti\u00f3n aut\u00f3noma de los casos y las especifidades de la fisioterapia privada. Sin duda, otra escuela profesional crucial.&nbsp;<\/p>\n<p style=\"text-align: justify\">Sin embargo, surgi\u00f3 la opci\u00f3n de incorporarme a la sanidad p\u00fablica en el Hospital Virgen de la Poveda. Fueron seis a\u00f1os de largos trayectos para acudir al trabajo, de muchos compa\u00f1eros y amigos. Los hospitales de media estancia, de dimensiones <em>familiares,<\/em> donde el contacto con los pacientes y sus deudos es m\u00e1s intenso y cercano, son tambi\u00e9n un entorno diferenciado muy interesante para el fisioterapeuta. All\u00ed contribu\u00ed con mis colegas a cambiar la orientaci\u00f3n de los cuidados y a instaurar la historia cl\u00ednica formalizada, algo que tardar\u00eda unos a\u00f1os todav\u00eda en otros hospitales de mayor relevancia.<\/p>\n<p style=\"text-align: justify\">Con cambios en la vida personal y el sentimiento de que necesitaba tambi\u00e9n un cambio de rumbo profesional me present\u00e9 a una oferta de empleo en el Hospital de Guadarrama, tambi\u00e9n de media estancia. A la vez se produc\u00eda la selecci\u00f3n de personal para el nuevo Hospital de Fuenlabrada, por aquel entonces el&nbsp;<em>hospital sin papeles<\/em>, por su apuesta inicial por la historia cl\u00ednica electr\u00f3nica. Corr\u00eda el a\u00f1o 2004 cuando, por fin, acced\u00ed a una plaza fija en una instituci\u00f3n p\u00fablica.&nbsp;<\/p>\n<p style=\"text-align: justify\">En ese camino, a la par que la actividad asistencial, me dediqu\u00e9 a una considerable actividad de formaci\u00f3n en cursos de distinta duraci\u00f3n en campos diversos y a la pr\u00e1ctica de tratamientos privados.<\/p>\n<p style=\"text-align: justify\">Son ya muchos a\u00f1os en mi actual puesto, al que desde 2006 incorpor\u00e9 la docencia universitaria, que desde 2007 va ligada a la Universidad Rey Juan Carlos como profesor asociado. Esta faceta supone un est\u00edmulo constante y la constataci\u00f3n de que el Pr\u00e1cticum es la asignatura m\u00e1s importante de la carrera, como m\u00ednimo por su duraci\u00f3n.&nbsp;<\/p>\n<p style=\"text-align: justify\">Durante estos a\u00f1os he desarrollado tambi\u00e9n docencia en cursos de posgrado para fisioterapeutas y profesionales de la Enfermer\u00eda, relacionados con la pelviperineolog\u00eda, la b\u00fasqueda en bases de datos o la preparaci\u00f3n de oposiciones en distintos lugares de Espa\u00f1a. Es otra manera de mantener viva la necesidad de formaci\u00f3n continuada.<\/p>\n<p style=\"text-align: justify\">El \u00e1nimo de esta rese\u00f1a no es mostrar ninguna val\u00eda, experiencia o conocimiento peculiares. Sino m\u00e1s bien mostrar alg\u00fan esbozo que sirva de trasfondo de lo que se lee en la bit\u00e1cora. Esperamos que, con acuerdo o desacuerdo, sirva para los visitantes del <em>blog.<\/em>&nbsp;<\/p>\n<p style=\"text-align: justify\">Gracias.<\/p>\n<p>Perfil <a href=\"https:\/\/orcid.org\/0000-0003-4314-9481\" target=\"_blank\" rel=\"noopener\">Orcid<\/a>.<\/p>\n<p style=\"text-align: justify\">Perfil <a href=\"https:\/\/es.linkedin.com\/in\/juanantoniogonzalez\" target=\"_blank\" rel=\"noopener\">Linkedin<\/a>.<\/p>\n","protected":false},"excerpt":{"rendered":"<p>Juan Antonio Gonz\u00e1lez Garc\u00eda. Fisioterapeuta en la Unidad de Fisioterapia y Terapia Ocupacional del Hospital Universitario de Fuenlabrada (Comunidad de Madrid). Profesor asociado de la Universidad Rey Juan Carlos. En dos l\u00edneas hemos mostrado nuestra situaci\u00f3n profesional actual. Son, sin embargo, muchos a\u00f1os ya desde que adquir\u00ed la condici\u00f3n de fisioterapeuta. Cumplidos ya los cincuentay, con m\u00e1s de dos terceras partes, previsiblemente, de mi vida como tal, y con una madurez al menos f\u00edsica nada impostada, me reafirmo en que la faceta profesional es una parte sustancial de mi vida. Creo que una gran parte de lo que soy, pienso\u2026<\/p>\n","protected":false},"author":67,"featured_media":0,"parent":0,"menu_order":0,"comment_status":"closed","ping_status":"closed","template":"","meta":{"_mi_skip_tracking":false,"ngg_post_thumbnail":0},"blocksy_meta":{"styles_descriptor":{"styles":{"desktop":"","tablet":"","mobile":""},"google_fonts":[],"version":4}},"aioseo_notices":[],"_links":{"self":[{"href":"https:\/\/www.madrimasd.org\/blogs\/fisioterapia\/wp-json\/wp\/v2\/pages\/136252"}],"collection":[{"href":"https:\/\/www.madrimasd.org\/blogs\/fisioterapia\/wp-json\/wp\/v2\/pages"}],"about":[{"href":"https:\/\/www.madrimasd.org\/blogs\/fisioterapia\/wp-json\/wp\/v2\/types\/page"}],"author":[{"embeddable":true,"href":"https:\/\/www.madrimasd.org\/blogs\/fisioterapia\/wp-json\/wp\/v2\/users\/67"}],"replies":[{"embeddable":true,"href":"https:\/\/www.madrimasd.org\/blogs\/fisioterapia\/wp-json\/wp\/v2\/comments?post=136252"}],"version-history":[{"count":16,"href":"https:\/\/www.madrimasd.org\/blogs\/fisioterapia\/wp-json\/wp\/v2\/pages\/136252\/revisions"}],"predecessor-version":[{"id":137490,"href":"https:\/\/www.madrimasd.org\/blogs\/fisioterapia\/wp-json\/wp\/v2\/pages\/136252\/revisions\/137490"}],"wp:attachment":[{"href":"https:\/\/www.madrimasd.org\/blogs\/fisioterapia\/wp-json\/wp\/v2\/media?parent=136252"}],"curies":[{"name":"wp","href":"https:\/\/api.w.org\/{rel}","templated":true}]}}