{"id":210,"date":"2011-09-04T13:54:28","date_gmt":"2011-09-04T12:54:28","guid":{"rendered":"http:\/\/www.madrimasd.org\/blogs\/jrleitenano\/?page_id=210"},"modified":"2011-09-26T08:28:28","modified_gmt":"2011-09-26T07:28:28","slug":"red-nanodyf-2","status":"publish","type":"page","link":"https:\/\/www.madrimasd.org\/blogs\/jrleitenano\/red-nanodyf-2\/","title":{"rendered":"RED NANODYF"},"content":{"rendered":"<p><strong>Red\u00a0 \u00abJos\u00e9 Roberto Leite\u00bb de Divulgaci\u00f3n y Formaci\u00f3n en Nanotecnolog\u00eda <\/strong>(<a href=\"http:\/\/www.nanodyf.org\">www.nanodyf.org<\/a>)<\/p>\n<p style=\"text-align: center;\"><strong>GRUPOS PARTICIPANTES<\/strong><\/p>\n<p style=\"text-align: center;\"><a rel=\"attachment wp-att-91\" href=\"http:\/\/www.madrimasd.org\/blogs\/jrleitenano\/sample-page\/red-nanodyf-2\/argentina-3\/\"><img decoding=\"async\" class=\"aligncenter size-full wp-image-91\" title=\"INIFTA-CONICET-UNLP. Instituto de Investigaciones Fisioquimicas Teoricas y Aplicadas.\" src=\"http:\/\/www.madrimasd.org\/blogs\/jrleitenano\/files\/2011\/09\/argentina2.jpg\" alt=\"Grupo Argentino\" width=\"153\" height=\"135\" \/><\/a><\/p>\n<p style=\"text-align: center;\"><a href=\"http:\/\/www.inifta.unlp.edu.ar\/\">http:\/\/www.inifta.unlp.edu.ar\/<\/a><\/p>\n<p style=\"text-align: center;\">\u00a0<\/p>\n<p style=\"text-align: center;\"><a rel=\"attachment wp-att-92\" href=\"http:\/\/www.madrimasd.org\/blogs\/jrleitenano\/sample-page\/red-nanodyf-2\/brasil\/\"><img decoding=\"async\" class=\"aligncenter size-full wp-image-92\" title=\"UNESP. Universidade Estadual Paulista.\" src=\"http:\/\/www.madrimasd.org\/blogs\/jrleitenano\/files\/2011\/09\/brasil.jpg\" alt=\"Grupo Brasile\u00f1o\" width=\"166\" height=\"71\" \/><\/a><\/p>\n<p style=\"text-align: center;\"><a href=\"http:\/\/www.unesp.br\/\">http:\/\/www.unesp.br\/<\/a><\/p>\n<p style=\"text-align: center;\">\u00a0<\/p>\n<p style=\"text-align: center;\"><a rel=\"attachment wp-att-194\" href=\"http:\/\/www.madrimasd.org\/blogs\/jrleitenano\/sample-page\/red-nanodyf-2\/uach-chile\/\"><img decoding=\"async\" class=\"aligncenter size-full wp-image-194\" title=\"UACh- chile\" src=\"http:\/\/www.madrimasd.org\/blogs\/jrleitenano\/files\/2011\/09\/UACh-chile.jpg\" alt=\"\" width=\"139\" height=\"137\" \/><\/a><\/p>\n<p style=\"text-align: center;\"><a href=\"http:\/\/www.uach.cl\/\">http:\/\/www.uach.cl\/<\/a><\/p>\n<p style=\"text-align: center;\">\u00a0<\/p>\n<p style=\"text-align: center;\"><a href=\"http:\/\/www.madrimasd.org\/blogs\/jrleitenano\/?attachment_id=237\"><img decoding=\"async\" class=\"aligncenter size-full wp-image-237\" title=\"UCN- chile\" src=\"http:\/\/www.madrimasd.org\/blogs\/jrleitenano\/files\/2011\/09\/UCN-chile.jpg\" alt=\"\" width=\"112\" height=\"112\" srcset=\"https:\/\/www.madrimasd.org\/blogs\/jrleitenano\/files\/2011\/09\/UCN-chile.jpg 287w, https:\/\/www.madrimasd.org\/blogs\/jrleitenano\/files\/2011\/09\/UCN-chile-200x200.jpg 200w\" sizes=\"(max-width: 112px) 100vw, 112px\" \/><\/a><\/p>\n<p style=\"text-align: center;\"><a href=\"http:\/\/www.ucn.cl\/\">http:\/\/www.ucn.cl\/<\/a><\/p>\n<p style=\"text-align: center;\">\u00a0<\/p>\n<p style=\"text-align: center;\"><a href=\"http:\/\/www.madrimasd.org\/blogs\/jrleitenano\/?attachment_id=238\"><img decoding=\"async\" class=\"aligncenter size-thumbnail wp-image-238\" title=\"UNIANDES- colombia\" src=\"http:\/\/www.madrimasd.org\/blogs\/jrleitenano\/files\/2011\/09\/UNIANDES-colombia-200x119.jpg\" alt=\"\" width=\"200\" height=\"119\" \/><\/a><\/p>\n<p style=\"text-align: center;\"><a href=\"http:\/\/www.uniandes.edu.co\/\">http:\/\/www.uniandes.edu.co\/<\/a><\/p>\n<p style=\"text-align: center;\">\u00a0<\/p>\n<p style=\"text-align: center;\"><a href=\"http:\/\/www.madrimasd.org\/blogs\/jrleitenano\/?attachment_id=239\"><img decoding=\"async\" class=\"aligncenter size-thumbnail wp-image-239\" title=\"UDEA- colombia\" src=\"http:\/\/www.madrimasd.org\/blogs\/jrleitenano\/files\/2011\/09\/UDEA-colombia-187x200.jpg\" alt=\"\" width=\"150\" height=\"160\" \/><\/a><\/p>\n<p style=\"text-align: center;\"><a href=\"http:\/\/www.udea.edu.co\/portal\/page\/portal\/portal\">http:\/\/www.udea.edu.co\/portal\/page\/portal\/portal<\/a><\/p>\n<p style=\"text-align: center;\">\u00a0<\/p>\n<p style=\"text-align: center;\"><a href=\"http:\/\/www.madrimasd.org\/blogs\/jrleitenano\/?attachment_id=240\"><img decoding=\"async\" class=\"aligncenter size-thumbnail wp-image-240\" title=\"IMRE- cuba\" src=\"http:\/\/www.madrimasd.org\/blogs\/jrleitenano\/files\/2011\/09\/IMRE-cuba-200x143.jpg\" alt=\"\" width=\"160\" height=\"114\" \/><\/a><\/p>\n<p style=\"text-align: center;\"><a href=\"http:\/\/www.imre.oc.uh.cu\/\">http:\/\/www.imre.oc.uh.cu\/<\/a><\/p>\n<p style=\"text-align: center;\">\u00a0<\/p>\n<p style=\"text-align: center;\"><a href=\"http:\/\/www.madrimasd.org\/blogs\/jrleitenano\/?attachment_id=241\"><img decoding=\"async\" class=\"aligncenter size-thumbnail wp-image-241\" title=\"ICMM-espa\u00f1a\" src=\"http:\/\/www.madrimasd.org\/blogs\/jrleitenano\/files\/2011\/09\/ICMM-espa\u00f1a-200x200.jpg\" alt=\"\" width=\"160\" height=\"160\" \/><\/a><a href=\"http:\/\/www.csic.es\/web\/guest\/home;jsessionid=9E74F75A096FFA4122171E1CEEF776B0\">http:\/\/www.csic.es\/web\/guest\/home;jsessionid=9E74F75A096FFA4122171E1CEEF776B0<\/a><\/p>\n<p style=\"text-align: center;\">\u00a0<\/p>\n<p style=\"text-align: center;\"><a rel=\"attachment wp-att-242\" href=\"http:\/\/www.madrimasd.org\/blogs\/jrleitenano\/red-nanodyf-2\/upcomillas-espana\/\"><img decoding=\"async\" class=\"aligncenter size-full wp-image-242\" title=\"UPCOMILLAS- espa\u00f1a\" src=\"http:\/\/www.madrimasd.org\/blogs\/jrleitenano\/files\/2011\/09\/UPCOMILLAS-espa\u00f1a.jpg\" alt=\"\" width=\"213\" height=\"120\" \/><\/a><\/p>\n<p style=\"text-align: center;\"><a href=\"http:\/\/www.upcomillas.es\/\">http:\/\/www.upcomillas.es\/<\/a><\/p>\n<p style=\"text-align: center;\">\u00a0<\/p>\n<p style=\"text-align: center;\"><a href=\"http:\/\/www.madrimasd.org\/blogs\/jrleitenano\/?attachment_id=243\"><img decoding=\"async\" class=\"aligncenter size-full wp-image-243\" title=\"CNYN-mexico\" src=\"http:\/\/www.madrimasd.org\/blogs\/jrleitenano\/files\/2011\/09\/CNYN-mexico.jpg\" alt=\"\" width=\"176\" height=\"195\" \/><\/a><\/p>\n<p style=\"text-align: center;\"><a href=\"http:\/\/www.cnyn.unam.mx\/\">http:\/\/www.cnyn.unam.mx\/<\/a><\/p>\n<p style=\"text-align: center;\">\u00a0<\/p>\n<p style=\"text-align: center;\"><a href=\"http:\/\/www.madrimasd.org\/blogs\/jrleitenano\/?attachment_id=244\"><img decoding=\"async\" class=\"aligncenter size-full wp-image-244\" title=\"UAEM-mexico\" src=\"http:\/\/www.madrimasd.org\/blogs\/jrleitenano\/files\/2011\/09\/UAEM-mexico.jpg\" alt=\"\" width=\"223\" height=\"144\" srcset=\"https:\/\/www.madrimasd.org\/blogs\/jrleitenano\/files\/2011\/09\/UAEM-mexico.jpg 319w, https:\/\/www.madrimasd.org\/blogs\/jrleitenano\/files\/2011\/09\/UAEM-mexico-300x193.jpg 300w\" sizes=\"(max-width: 223px) 100vw, 223px\" \/><\/a><\/p>\n<p style=\"text-align: center;\">\u00a0<\/p>\n<p style=\"text-align: center;\"><a href=\"http:\/\/www.uaem.mx\/\">http:\/\/www.uaem.mx\/<\/a><\/p>\n<p style=\"text-align: center;\">\u00a0<\/p>\n<p style=\"text-align: center;\"><a href=\"http:\/\/www.madrimasd.org\/blogs\/jrleitenano\/?attachment_id=245\"><img decoding=\"async\" class=\"aligncenter size-full wp-image-245\" title=\"UNMSM-peru\" src=\"http:\/\/www.madrimasd.org\/blogs\/jrleitenano\/files\/2011\/09\/UNMSM-peru.jpg\" alt=\"\" width=\"199\" height=\"187\" \/><\/a><\/p>\n<p style=\"text-align: center;\"><a href=\"http:\/\/www.unmsm.edu.pe\/\">http:\/\/www.unmsm.edu.pe\/<\/a><\/p>\n<p style=\"text-align: center;\">\u00a0<\/p>\n<p style=\"text-align: center;\"><a href=\"http:\/\/www.madrimasd.org\/blogs\/jrleitenano\/?attachment_id=246\"><img decoding=\"async\" class=\"aligncenter size-full wp-image-246\" title=\"UMINHO-portugal\" src=\"http:\/\/www.madrimasd.org\/blogs\/jrleitenano\/files\/2011\/09\/UMINHO-portugal.jpg\" alt=\"\" width=\"214\" height=\"161\" srcset=\"https:\/\/www.madrimasd.org\/blogs\/jrleitenano\/files\/2011\/09\/UMINHO-portugal.jpg 306w, https:\/\/www.madrimasd.org\/blogs\/jrleitenano\/files\/2011\/09\/UMINHO-portugal-300x225.jpg 300w\" sizes=\"(max-width: 214px) 100vw, 214px\" \/><\/a><\/p>\n<p style=\"text-align: center;\">\u00a0<\/p>\n<p style=\"text-align: center;\"><a href=\"http:\/\/www.uminho.pt\/\">http:\/\/www.uminho.pt\/<\/a><\/p>\n<p style=\"text-align: center;\">\u00a0<\/p>\n<p style=\"text-align: center;\"><a href=\"http:\/\/www.madrimasd.org\/blogs\/jrleitenano\/?attachment_id=247\"><img decoding=\"async\" class=\"aligncenter size-full wp-image-247\" title=\"REDVNANO- venezuela\" src=\"http:\/\/www.madrimasd.org\/blogs\/jrleitenano\/files\/2011\/09\/REDVNANO-venezuela.jpg\" alt=\"\" width=\"183\" height=\"160\" \/><\/a><\/p>\n<p style=\"text-align: center;\"><a href=\"http:\/\/www.redvnano.org\/\">http:\/\/www.redvnano.org\/<\/a><\/p>\n<p style=\"text-align: center;\">\u00a0<\/p>\n<p style=\"text-align: center;\">\u00a0<\/p>\n<p style=\"text-align: center;\"><a rel=\"attachment wp-att-194\" href=\"http:\/\/www.madrimasd.org\/blogs\/jrleitenano\/sample-page\/red-nanodyf-2\/uach-chile\/\"><\/a><\/p>\n<p style=\"text-align: center;\">\u00a0<\/p>\n<p style=\"text-align: center;\">\u00a0<\/p>\n","protected":false},"excerpt":{"rendered":"<p>Red\u00a0 \u00abJos\u00e9 Roberto Leite\u00bb de Divulgaci\u00f3n y Formaci\u00f3n en Nanotecnolog\u00eda (www.nanodyf.org) GRUPOS PARTICIPANTES http:\/\/www.inifta.unlp.edu.ar\/ \u00a0 http:\/\/www.unesp.br\/ \u00a0 http:\/\/www.uach.cl\/ \u00a0 http:\/\/www.ucn.cl\/ \u00a0 http:\/\/www.uniandes.edu.co\/ \u00a0 http:\/\/www.udea.edu.co\/portal\/page\/portal\/portal \u00a0 http:\/\/www.imre.oc.uh.cu\/ \u00a0 http:\/\/www.csic.es\/web\/guest\/home;jsessionid=9E74F75A096FFA4122171E1CEEF776B0 \u00a0 http:\/\/www.upcomillas.es\/ \u00a0 http:\/\/www.cnyn.unam.mx\/ \u00a0 \u00a0 http:\/\/www.uaem.mx\/ \u00a0 http:\/\/www.unmsm.edu.pe\/ \u00a0 \u00a0 http:\/\/www.uminho.pt\/ \u00a0 http:\/\/www.redvnano.org\/ \u00a0 \u00a0 \u00a0 \u00a0<\/p>\n","protected":false},"author":179,"featured_media":0,"parent":0,"menu_order":0,"comment_status":"open","ping_status":"open","template":"","meta":{"ngg_post_thumbnail":0},"blocksy_meta":{"styles_descriptor":{"styles":{"desktop":"","tablet":"","mobile":""},"google_fonts":[],"version":4}},"aioseo_notices":[],"_links":{"self":[{"href":"https:\/\/www.madrimasd.org\/blogs\/jrleitenano\/wp-json\/wp\/v2\/pages\/210"}],"collection":[{"href":"https:\/\/www.madrimasd.org\/blogs\/jrleitenano\/wp-json\/wp\/v2\/pages"}],"about":[{"href":"https:\/\/www.madrimasd.org\/blogs\/jrleitenano\/wp-json\/wp\/v2\/types\/page"}],"author":[{"embeddable":true,"href":"https:\/\/www.madrimasd.org\/blogs\/jrleitenano\/wp-json\/wp\/v2\/users\/179"}],"replies":[{"embeddable":true,"href":"https:\/\/www.madrimasd.org\/blogs\/jrleitenano\/wp-json\/wp\/v2\/comments?post=210"}],"version-history":[{"count":38,"href":"https:\/\/www.madrimasd.org\/blogs\/jrleitenano\/wp-json\/wp\/v2\/pages\/210\/revisions"}],"predecessor-version":[{"id":347,"href":"https:\/\/www.madrimasd.org\/blogs\/jrleitenano\/wp-json\/wp\/v2\/pages\/210\/revisions\/347"}],"wp:attachment":[{"href":"https:\/\/www.madrimasd.org\/blogs\/jrleitenano\/wp-json\/wp\/v2\/media?parent=210"}],"curies":[{"name":"wp","href":"https:\/\/api.w.org\/{rel}","templated":true}]}}