{"id":106326,"date":"2014-10-11T08:00:22","date_gmt":"2014-10-11T07:00:22","guid":{"rendered":"http:\/\/www.madrimasd.org\/blogs\/medioambiente\/?page_id=106326"},"modified":"2014-10-11T08:00:22","modified_gmt":"2014-10-11T07:00:22","slug":"el-problema-de-la-fusion-nuclear","status":"publish","type":"page","link":"https:\/\/www.madrimasd.org\/blogs\/medioambiente\/el-problema-de-la-fusion-nuclear","title":{"rendered":"El problema de la fusi\u00f3n nuclear"},"content":{"rendered":"<p>La fusi\u00f3n nuclear existe. \u00a1Vaya que si existe! De ella se deriva toda la materia que hay hoy en el Universo y con esta materia la vida y nosotros mismos.\u00a0 Pero la fusi\u00f3n, en la Naturaleza, es incontrolada. Las estrellas son bombas termonucleares que estallan de vez en cuando. La energ\u00eda que recibimos es continua, como promedio de muchas de estas explosiones nucleares discretas.<\/p>\n<p>El ser humano quiere la energ\u00eda de la fusi\u00f3n del hidr\u00f3geno, pero la quiere controlable y controlada.\u00a0 Todo el problema de la energ\u00eda procedente de la fusi\u00f3n nuclear es un problema de control, y un problema de control a escala no solo at\u00f3mica, sino a escala nuclear.<\/p>\n<p>El proceso de fusi\u00f3n es un proceso cu\u00e1ntico. A nivel cu\u00e1ntico, a nivel nuclear, rige el Pricipio de Indeterminaci\u00f3n de Heisemberg (que realmente no es mas que el reconocimiento de que no tenemos interactuadores menores, en masa, cantidad de movimiento y energ\u00eda, que los entes interactuantes, y por tanto toda interacci\u00f3n a nivel at\u00f3mico es aleatoria) . De acuerdo con este Principio los procesos cu\u00e1nticos son incontrolables en detalle. Estamos as\u00ed violando nuestras propias teor\u00edas del nivel at\u00f3mico: Queremos desarrollar el control absoluto de algo que hemos definido como <strong>esencialmente<\/strong> incontrolable.<\/p>\n<p>En un \u00e1tomo no sabemos nunca cuando un electr\u00f3n que ha saltado de \u00f3rbita va a volver a su \u00f3rbita original emitiendo energ\u00eda: El proceso de salto es aleatorio, probablemente estimulado por alguna interacci\u00f3n con alg\u00fan otro electr\u00f3n cercano.\u00a0 Cuando una serie de \u00e1tomos reciben radiaci\u00f3n electromagn\u00e9tica, no podemos saber nunca cual de ellos absorbe esa radiaci\u00f3n para saltar de \u00f3rbita. Algunos fotones interaccionan con alg\u00fan electr\u00f3n y otros no. La mec\u00e1nica de la interacci\u00f3n es intr\u00ednsecamente aleatoria.<\/p>\n<p>Para la fusi\u00f3n se trata de tener n\u00facleos de deuterio y tritio moviendose con muy altas temperaturas (muy altas velocidades , es decir, energ\u00edas cin\u00e9ticas) en un flujo concentrado, con la esperanza de que algunos de ellos choquen intensamente entre s\u00ed y se produzca la fusi\u00f3n con liberaci\u00f3n de neutrones de muy alta energ\u00eda cin\u00e9tica, de nuevo, que ser\u00e1n los que calentar\u00e1n las paredes del recipiente.<\/p>\n<p>Aparecen dos problemas: Uno, limitar la reacci\u00f3n en cadena para que todo el plasma de protones y neutrones no entre simult\u00e1neamente en reacci\u00f3n, dos, conseguir que ning\u00fan \u00e1tomo met\u00e1lico procedente de las paredes entre en el plasma. Al tener mucha masa, un \u00e1tomo met\u00e1lico enfr\u00eda instant\u00e1neamente el tal plasma de protones y neutrones y frena la fusi\u00f3n.<\/p>\n<p>Ahora bien, \u00bfc\u00f3mo controlar el movimiento de un unico \u00e1tomo que ni siquiera se puede detectar?<\/p>\n<p>\u00bfComo controlar el ritmo de la fusi\u00f3n?<\/p>\n<p>En las estrellas nada de eso importa. El proceso es incontrolado, y se permiten explosiones aleatorias y sin cuento. De hecho son esas explosiones lo que mantiene a las estrellas &#8216;ardiendo&#8217;.<\/p>\n<p>La idea del control perfecto es un derivado de 400 a\u00f1os de f\u00edsica determinista, un determinismo que permea hasta la aleatoria mec\u00e1nica cu\u00e1ntica.<\/p>\n<p>La realidad de la naturaleza es que es incontrolable. En ese sentido la fusi\u00f3n nuclear es un sue\u00f1o.<\/p>\n<p>Y debe serlo. En la historia de la ciencia y de la t\u00e9cnica, los desarrollos y aplicaciones no han tardado mas de 10 a\u00f1os en conseguirse tras los primeros descubrimientos. La fusi\u00f3n nuclear se descubri\u00f3 all\u00e1 en 1929, y los trabajos para su control empezaron en 1950. Si tras 65 a\u00f1os no hemos conseguido el resultado, es que las leyes b\u00e1sicas de la naturaleza van en contra del mismo, como se\u00f1alo aqui arriba.<\/p>\n<p>&nbsp;<\/p>\n<p>&nbsp;<\/p>\n<p>&nbsp;<\/p>\n<p>&nbsp;<\/p>\n<p>&nbsp;<\/p>\n<p>&nbsp;<\/p>\n<p>&nbsp;<\/p>\n<p>&nbsp;<\/p>\n<p>&nbsp;<\/p>\n<p>&nbsp;<\/p>\n","protected":false},"excerpt":{"rendered":"<p>La fusi\u00f3n nuclear existe. \u00a1Vaya que si existe! De ella se deriva toda la materia que hay hoy en el Universo y con esta materia la vida y nosotros mismos.\u00a0 Pero la fusi\u00f3n, en la Naturaleza, es incontrolada. Las estrellas son bombas termonucleares que estallan de vez en cuando. La energ\u00eda que recibimos es continua, como promedio de muchas de estas explosiones nucleares discretas. El ser humano quiere la energ\u00eda de la fusi\u00f3n del hidr\u00f3geno, pero la quiere controlable y controlada.\u00a0 Todo el problema de la energ\u00eda procedente de la fusi\u00f3n nuclear es un problema de control, y un problema\u2026<\/p>\n","protected":false},"author":20,"featured_media":0,"parent":0,"menu_order":0,"comment_status":"open","ping_status":"open","template":"","meta":{"ngg_post_thumbnail":0},"blocksy_meta":{"styles_descriptor":{"styles":{"desktop":"","tablet":"","mobile":""},"google_fonts":[],"version":4}},"aioseo_notices":[],"_links":{"self":[{"href":"https:\/\/www.madrimasd.org\/blogs\/medioambiente\/wp-json\/wp\/v2\/pages\/106326"}],"collection":[{"href":"https:\/\/www.madrimasd.org\/blogs\/medioambiente\/wp-json\/wp\/v2\/pages"}],"about":[{"href":"https:\/\/www.madrimasd.org\/blogs\/medioambiente\/wp-json\/wp\/v2\/types\/page"}],"author":[{"embeddable":true,"href":"https:\/\/www.madrimasd.org\/blogs\/medioambiente\/wp-json\/wp\/v2\/users\/20"}],"replies":[{"embeddable":true,"href":"https:\/\/www.madrimasd.org\/blogs\/medioambiente\/wp-json\/wp\/v2\/comments?post=106326"}],"version-history":[{"count":10,"href":"https:\/\/www.madrimasd.org\/blogs\/medioambiente\/wp-json\/wp\/v2\/pages\/106326\/revisions"}],"predecessor-version":[{"id":106336,"href":"https:\/\/www.madrimasd.org\/blogs\/medioambiente\/wp-json\/wp\/v2\/pages\/106326\/revisions\/106336"}],"wp:attachment":[{"href":"https:\/\/www.madrimasd.org\/blogs\/medioambiente\/wp-json\/wp\/v2\/media?parent=106326"}],"curies":[{"name":"wp","href":"https:\/\/api.w.org\/{rel}","templated":true}]}}