{"id":111,"date":"2012-03-23T11:02:32","date_gmt":"2012-03-23T10:02:32","guid":{"rendered":"http:\/\/www.madrimasd.org\/blogs\/patentes\/?page_id=111"},"modified":"2012-03-23T11:18:25","modified_gmt":"2012-03-23T10:18:25","slug":"enlaces-de-nteres","status":"publish","type":"page","link":"https:\/\/www.madrimasd.org\/blogs\/patentes\/enlaces-de-nteres\/","title":{"rendered":"Sitios de Inter\u00e9s"},"content":{"rendered":"<p style=\"text-align: left;\"><!--\na {text-decoration:none;}\na:hover {text-decoration:underline;}\n--><\/p>\n<p style=\"text-align: left;\"><a title=\"Patentes\" href=\"http:\/\/http:\/\/www.inventosnuevos.com\/patentes\/\" target=\"_blank\"><\/a><em><strong><a title=\"Patentes\" href=\"http:\/\/www.inventosnuevos.com\/patentes\/\" target=\"_blank\">Patentes<\/a>: <\/strong><\/em>Blog que persigue acercar las patentes\u00a0a todos, para que la sociedad comprenda que todo el mundo puede patentar y que, adem\u00e1s de interesarse por la tecnolog\u00eda sepa como ser part\u00edcipes de ella.<\/p>\n","protected":false},"excerpt":{"rendered":"<p>Patentes: Blog que persigue acercar las patentes\u00a0a todos, para que la sociedad comprenda que todo el mundo puede patentar y que, adem\u00e1s de interesarse por la tecnolog\u00eda sepa como ser part\u00edcipes de ella.<\/p>\n","protected":false},"author":176,"featured_media":0,"parent":0,"menu_order":0,"comment_status":"open","ping_status":"open","template":"","meta":{"ngg_post_thumbnail":0},"blocksy_meta":{"styles_descriptor":{"styles":{"desktop":"","tablet":"","mobile":""},"google_fonts":[],"version":4}},"aioseo_notices":[],"_links":{"self":[{"href":"https:\/\/www.madrimasd.org\/blogs\/patentes\/wp-json\/wp\/v2\/pages\/111"}],"collection":[{"href":"https:\/\/www.madrimasd.org\/blogs\/patentes\/wp-json\/wp\/v2\/pages"}],"about":[{"href":"https:\/\/www.madrimasd.org\/blogs\/patentes\/wp-json\/wp\/v2\/types\/page"}],"author":[{"embeddable":true,"href":"https:\/\/www.madrimasd.org\/blogs\/patentes\/wp-json\/wp\/v2\/users\/176"}],"replies":[{"embeddable":true,"href":"https:\/\/www.madrimasd.org\/blogs\/patentes\/wp-json\/wp\/v2\/comments?post=111"}],"version-history":[{"count":6,"href":"https:\/\/www.madrimasd.org\/blogs\/patentes\/wp-json\/wp\/v2\/pages\/111\/revisions"}],"predecessor-version":[{"id":119,"href":"https:\/\/www.madrimasd.org\/blogs\/patentes\/wp-json\/wp\/v2\/pages\/111\/revisions\/119"}],"wp:attachment":[{"href":"https:\/\/www.madrimasd.org\/blogs\/patentes\/wp-json\/wp\/v2\/media?parent=111"}],"curies":[{"name":"wp","href":"https:\/\/api.w.org\/{rel}","templated":true}]}}