{"id":134949,"date":"2018-02-27T02:59:50","date_gmt":"2018-02-27T01:59:50","guid":{"rendered":"http:\/\/www.madrimasd.org\/blogs\/quimicaysociedad\/?page_id=134949"},"modified":"2018-02-27T03:01:40","modified_gmt":"2018-02-27T02:01:40","slug":"olimpiada-de-quimica-de-madrid","status":"publish","type":"page","link":"https:\/\/www.madrimasd.org\/blogs\/quimicaysociedad\/","title":{"rendered":"Olimpiada de Qu\u00edmica de Madrid"},"content":{"rendered":"<p>La fase local de la Olimp\u00edada de Qu\u00edmica tendr\u00e1 lugar el viernes\u00a0<strong>2 de marzo de 2018, a las 17:30 h, en el edifico C de la Facultad de Ciencias Qu\u00edmicas de la Universidad Complutense de Madrid, Ciudad Universitaria, s\/n, 28040-Madrid,\u00a0 en convocatoria \u00fanica para todos los centros de\u00a0 la Comunidad de Madrid adscritos a las Universidades de Alcal\u00e1, Aut\u00f3noma de Madrid, Carlos III, Complutense, Polit\u00e9cnica y Rey Juan Carlos.<\/strong><\/p>\n<p>Paralelamente a la prueba, se celebrar\u00e1 una conferencia en el Sal\u00f3n de Actos del edifico D de la Facultad de Ciencias Qu\u00edmicas de la UCM.<\/p>\n<p>M\u00e1s informaci\u00f3n en el cartel.<\/p>\n<p><a href=\"https:\/\/www.madrimasd.org\/blogs\/quimicaysociedad\/files\/2018\/02\/nuevocartel2018_OQM.jpg\"><img decoding=\"async\" title=\"nuevocartel2018_OQM\" src=\"https:\/\/www.madrimasd.org\/blogs\/quimicaysociedad\/files\/2018\/02\/nuevocartel2018_OQM.jpg\" alt=\"\" width=\"591\" height=\"419\" \/><\/a><\/p>\n<p>&nbsp;<\/p>\n<p><a href=\"mailto:b.herradon@csic.es\" target=\"_blank\">Bernardo Herrad\u00f3n<\/a><\/p>\n","protected":false},"excerpt":{"rendered":"<p>La fase local de la Olimp\u00edada de Qu\u00edmica tendr\u00e1 lugar el viernes\u00a02 de marzo de 2018, a las 17:30 h, en el edifico C de la Facultad de Ciencias Qu\u00edmicas de la Universidad Complutense de Madrid, Ciudad Universitaria, s\/n, 28040-Madrid,\u00a0 en convocatoria \u00fanica para todos los centros de\u00a0 la Comunidad de Madrid adscritos a las Universidades de Alcal\u00e1, Aut\u00f3noma de Madrid, Carlos III, Complutense, Polit\u00e9cnica y Rey Juan Carlos. Paralelamente a la prueba, se celebrar\u00e1 una conferencia en el Sal\u00f3n de Actos del edifico D de la Facultad de Ciencias Qu\u00edmicas de la UCM. M\u00e1s informaci\u00f3n en el cartel. &nbsp;\u2026<\/p>\n","protected":false},"author":127,"featured_media":0,"parent":0,"menu_order":0,"comment_status":"open","ping_status":"open","template":"","meta":{"ngg_post_thumbnail":0},"blocksy_meta":{"styles_descriptor":{"styles":{"desktop":"","tablet":"","mobile":""},"google_fonts":[],"version":4}},"aioseo_notices":[],"_links":{"self":[{"href":"https:\/\/www.madrimasd.org\/blogs\/quimicaysociedad\/wp-json\/wp\/v2\/pages\/134949"}],"collection":[{"href":"https:\/\/www.madrimasd.org\/blogs\/quimicaysociedad\/wp-json\/wp\/v2\/pages"}],"about":[{"href":"https:\/\/www.madrimasd.org\/blogs\/quimicaysociedad\/wp-json\/wp\/v2\/types\/page"}],"author":[{"embeddable":true,"href":"https:\/\/www.madrimasd.org\/blogs\/quimicaysociedad\/wp-json\/wp\/v2\/users\/127"}],"replies":[{"embeddable":true,"href":"https:\/\/www.madrimasd.org\/blogs\/quimicaysociedad\/wp-json\/wp\/v2\/comments?post=134949"}],"version-history":[{"count":5,"href":"https:\/\/www.madrimasd.org\/blogs\/quimicaysociedad\/wp-json\/wp\/v2\/pages\/134949\/revisions"}],"predecessor-version":[{"id":134954,"href":"https:\/\/www.madrimasd.org\/blogs\/quimicaysociedad\/wp-json\/wp\/v2\/pages\/134949\/revisions\/134954"}],"wp:attachment":[{"href":"https:\/\/www.madrimasd.org\/blogs\/quimicaysociedad\/wp-json\/wp\/v2\/media?parent=134949"}],"curies":[{"name":"wp","href":"https:\/\/api.w.org\/{rel}","templated":true}]}}