{"id":77660,"date":"2015-07-09T01:41:46","date_gmt":"2015-07-09T00:41:46","guid":{"rendered":"http:\/\/www.madrimasd.org\/blogs\/tecnologia_polvos\/?page_id=77660"},"modified":"2015-12-02T08:31:25","modified_gmt":"2015-12-02T07:31:25","slug":"posters-presentados-en-congresos-por-el-gtp","status":"publish","type":"page","link":"https:\/\/www.madrimasd.org\/blogs\/tecnologia_polvos\/posters-presentados-en-congresos-por-el-gtp","title":{"rendered":"Posters presentados en congresos por el GTP"},"content":{"rendered":"<p><strong>H\u00f6gan\u00e4s Science Symposium, Or\u00ebn\u00e4s Slot, Suecia, 16-17 Noviembre 2015<\/strong> <\/p>\n<p><a href='https:\/\/www.madrimasd.org\/blogs\/tecnologia_polvos\/files\/2015\/11\/Poster-Symposium.v2.pdf'>Wettability and Sinter-Brazing<\/a><\/p>\n<p><strong>EUROPM 2015, 4-7 Octubre 2015, Reims, Francia<\/strong><\/p>\n<p><a href='https:\/\/www.madrimasd.org\/blogs\/tecnologia_polvos\/files\/2015\/12\/Poster-EUROPM15_UC3M_icv.pdf'>Corrosion behaviour of Ti and Ti reinforced by addition of ceramic particles obtained by combination of Colloidal and Powder metallurgy techniques<\/a><\/p>\n<p><a href='https:\/\/www.madrimasd.org\/blogs\/tecnologia_polvos\/files\/2015\/12\/Poster-EUROPM-2015_J.Ure\u00f1a.pdf'>Electrochemical comparative study of corrosion behavior in physiological conditions of conventional and powder metallurgy titanium alloys<\/a><\/p>\n<p><a href='https:\/\/www.madrimasd.org\/blogs\/tecnologia_polvos\/files\/2015\/12\/poster-epma2015_dugauguez.pdf'>Comparison between conventional and unconventional methods of sintering Inconel 718 MIM samples<\/a><\/p>\n<p><a href='https:\/\/www.madrimasd.org\/blogs\/tecnologia_polvos\/files\/2015\/12\/EuroPM-MigueldeDiosElenaGordo-1.pdf'>Core-shell Ti(C,N)-Ni structures fabricated by chemical precipitation of Ni-based nanoparticles on TiCN suspensions and its implication in the processing of FeNi-based cermets<\/a><\/p>\n<p><strong>XI Congreso Nacional de Materiales Compuestos, 6-8 Julio 2015, Madrid<\/strong><\/p>\n<p><a href=\"https:\/\/www.madrimasd.org\/blogs\/tecnologia_polvos\/files\/2015\/07\/Poster-MATCOMP2015-Alonso-Alvaredo-JImenez-Gordo.pdf\" title=\"Estudio de fatiga t\u00e9rmica de cermets base hierro\">Estudio de fatiga t\u00e9rmica de cermets base hierro<\/a><\/p>\n<p><strong>V Congreso Nacional de Puvimetalurgia, 1-3 Julio 2015, Girona:<\/strong><\/p>\n<p><a href=\"https:\/\/www.madrimasd.org\/blogs\/tecnologia_polvos\/files\/2015\/07\/CNPM-2015-GAL\u00c1N.pdf\" title=\"LA COMPOSICI\u00d3N DEL SUSTRATO: UN PAR\u00c1METRO CLAVE EN SINTER-BRAZING\">La composici\u00f3n del substrato: un par\u00e1metro clave en sinter-brazing<\/a><\/p>\n<p><a href=\"https:\/\/www.madrimasd.org\/blogs\/tecnologia_polvos\/files\/2015\/07\/Poster-V-CNPM-2015-Egordo.pdf\" title=\"POTENCIAL DE LAS T\u00c9CNICAS COLOIDALES PARA EL PROCESAMIENTO DE POLVOS MET\u00c1LICOS FINOS. CASOS DE ESTUDIO\">Potencial de las t\u00e9cnicas coloidales para el procesamiento de polvos met\u00e1licos finos. Casos de estudio<\/a><\/p>\n<p><a href=\"https:\/\/www.madrimasd.org\/blogs\/tecnologia_polvos\/files\/2015\/07\/Poster-Nacional-PM-20151.pdf\" title=\"Nuevo procesamiento del circ\u00f3n (ZrSiO4) basado en moldeo por inyecci\u00f3n de polvos con un ligante ecol\u00f3gico\">Nuevo procesamiento del circ\u00f3n (ZrSiO4) basado en moldeo por inyecci\u00f3n de polvos con un ligante ecol\u00f3gico<\/a><\/p>\n<p><a href=\"https:\/\/www.madrimasd.org\/blogs\/tecnologia_polvos\/files\/2015\/07\/Poster-Carbon-Contamination_VCNM_AndreaGarciaJunceda.pdf\" title=\"Study of the effect of carbon contamination on the consolidation of an iron-based alloy by Field Assisted Hot Pressing (FAHP). Proposal to suppress the microstructural anisotropy generated.\">Study of the effect of carbon contamination on the consolidation of an iron-based alloy by Field Assisted Hot Pressing (FAHP). Proposal to suppress the microstructural anisotropy generated.<\/a><\/p>\n<p><strong>14th International Conference of the European Ceramic Society, 21-25 Junio, 2015, Toledo:<\/strong><\/p>\n<p><a href=\"https:\/\/www.madrimasd.org\/blogs\/tecnologia_polvos\/files\/2015\/07\/Ecers-2015-Abajo-.pdf\" title=\"Eco-friendly binder system development for powder injection moulding of Zirconium Silicate. A comparison with a commercial one\">Eco-friendly binder system development for powder injection moulding of Zirconium Silicate. A comparison with a commercial one.<\/a><\/p>\n<p><a href=\"https:\/\/www.madrimasd.org\/blogs\/tecnologia_polvos\/files\/2015\/07\/ECERS-de-Dios-Miguel.pdf\" title=\"Core-shell Ti(C,N)-Ni structures fabricated by chemical precipitation of Ni-based nanoparticles on TiCN suspensions and its implication in the processing of FeNi-based cermets\">Core-shell Ti(C,N)-Ni structures fabricated by chemical precipitation of Ni-based nanoparticles on TiCN suspensions and its implication in the processing of FeNi-based cermets.<\/a><\/p>\n<p><strong>Titanium Europe ITA, Mayo 11-13 2015, Birmingham <\/strong><\/p>\n<p><a href=\"https:\/\/www.madrimasd.org\/blogs\/tecnologia_polvos\/files\/2015\/07\/Poster-ITA-conference-2015-J-Ure\u00f1a-E-Gordo.pdf\" title=\"Surface modification of powder metallurgy Titanium by chemical diffusion of Mo for biomedical applications\">Surface modification of powder metallurgy Titanium by chemical diffusion of Mo for biomedical applications<\/a><\/p>\n<p><strong>IV Inernational Conference on Multifunctional, Hybrid and Nanomaterials, 9-13 Marzo, Barcelona, 2015<\/strong><\/p>\n<p><a href=\"https:\/\/www.madrimasd.org\/blogs\/tecnologia_polvos\/files\/2015\/07\/IV-International-Conference-on-Multifunctional-Hybrid-and-Nanomaterials_Mu\u00f1oz.pdf\" title=\"Synthesis and characterization of nanostructured systems based on Ag&#038;ZnO obtained by solvothermal method for photocatalytic applications\">Synthesis and characterization of nanostructured systems based on Ag&#038;ZnO obtained by solvothermal method for photocatalytic applications<\/a><\/p>\n<p><strong>EURO PM 2014, 21\u201324 Septiembre 2014, Salzburgo, Austria<\/strong><\/p>\n<p><a href=\"https:\/\/www.madrimasd.org\/blogs\/tecnologia_polvos\/files\/2015\/07\/EuroPM-2014-Abajo-.pdf\" title=\"Solid loading optimisation of extremely irregular particles\">Solid loading optimisation of extremely irregular particles<\/a><\/p>\n<p><a href=\"https:\/\/www.madrimasd.org\/blogs\/tecnologia_polvos\/files\/2015\/07\/Eliana-EGO-poster-EuroPM2014.pdf\" title=\"Feasibility study for the development of FeNbC cermets: effect of composition \/ C content\">Feasibility study for the development of FeNbC cermets: effect of composition \/ C content<\/a><\/p>\n<p><strong>International Conference on Sintering 2014, August 24-28th, Dresden: <\/strong><\/p>\n<p><a href=\"https:\/\/www.madrimasd.org\/blogs\/tecnologia_polvos\/files\/2015\/07\/Sintering-2014-BERNARDO.pdf\" title=\"In-situ observations of fracture in lean steels with different microstructures\">In-situ observations of fracture in lean steels with different microstructures<\/a><\/p>\n<p><strong>I Encuentro de J\u00f3venes Investigadores de la SECAT, 22-24 Junio 2014, Malaga<\/strong><\/p>\n<p><a href=\"https:\/\/www.madrimasd.org\/blogs\/tecnologia_polvos\/files\/2015\/07\/I-Encuentro-J\u00f3venes-Investigadores-SECAT_Mu\u00f1oz.pdf\" title=\"Influencia en la actividad fotocatal\u00edtica de sistemas h\u00edbridos basados en ZnO\">Influencia en la actividad fotocatal\u00edtica de sistemas h\u00edbridos basados en ZnO<\/a><\/p>\n","protected":false},"excerpt":{"rendered":"<p>H\u00f6gan\u00e4s Science Symposium, Or\u00ebn\u00e4s Slot, Suecia, 16-17 Noviembre 2015 Wettability and Sinter-Brazing EUROPM 2015, 4-7 Octubre 2015, Reims, Francia Corrosion behaviour of Ti and Ti reinforced by addition of ceramic particles obtained by combination of Colloidal and Powder metallurgy techniques Electrochemical comparative study of corrosion behavior in physiological conditions of conventional and powder metallurgy titanium alloys Comparison between conventional and unconventional methods of sintering Inconel 718 MIM samples Core-shell Ti(C,N)-Ni structures fabricated by chemical precipitation of Ni-based nanoparticles on TiCN suspensions and its implication in the processing of FeNi-based cermets XI Congreso Nacional de Materiales Compuestos, 6-8 Julio 2015, Madrid\u2026<\/p>\n","protected":false},"author":78,"featured_media":0,"parent":0,"menu_order":0,"comment_status":"open","ping_status":"open","template":"","meta":{"ngg_post_thumbnail":0},"blocksy_meta":{"styles_descriptor":{"styles":{"desktop":"","tablet":"","mobile":""},"google_fonts":[],"version":4}},"aioseo_notices":[],"_links":{"self":[{"href":"https:\/\/www.madrimasd.org\/blogs\/tecnologia_polvos\/wp-json\/wp\/v2\/pages\/77660"}],"collection":[{"href":"https:\/\/www.madrimasd.org\/blogs\/tecnologia_polvos\/wp-json\/wp\/v2\/pages"}],"about":[{"href":"https:\/\/www.madrimasd.org\/blogs\/tecnologia_polvos\/wp-json\/wp\/v2\/types\/page"}],"author":[{"embeddable":true,"href":"https:\/\/www.madrimasd.org\/blogs\/tecnologia_polvos\/wp-json\/wp\/v2\/users\/78"}],"replies":[{"embeddable":true,"href":"https:\/\/www.madrimasd.org\/blogs\/tecnologia_polvos\/wp-json\/wp\/v2\/comments?post=77660"}],"version-history":[{"count":41,"href":"https:\/\/www.madrimasd.org\/blogs\/tecnologia_polvos\/wp-json\/wp\/v2\/pages\/77660\/revisions"}],"predecessor-version":[{"id":77685,"href":"https:\/\/www.madrimasd.org\/blogs\/tecnologia_polvos\/wp-json\/wp\/v2\/pages\/77660\/revisions\/77685"}],"wp:attachment":[{"href":"https:\/\/www.madrimasd.org\/blogs\/tecnologia_polvos\/wp-json\/wp\/v2\/media?parent=77660"}],"curies":[{"name":"wp","href":"https:\/\/api.w.org\/{rel}","templated":true}]}}