{"id":3,"date":"2010-01-21T03:16:43","date_gmt":"2010-01-21T02:16:43","guid":{"rendered":"http:\/\/www.madrimasd.org\/blogs\/?page_id=3"},"modified":"2022-04-20T14:51:40","modified_gmt":"2022-04-20T13:51:40","slug":"obtenga-su-blog","status":"publish","type":"page","link":"https:\/\/www.madrimasd.org\/blogs\/obtenga-su-blog\/","title":{"rendered":"Obtenga su blog"},"content":{"rendered":"<p>A trav\u00e9s del siguiente formulario puede hacernos llegar su petici\u00f3n de blog y tras analizar su propuesta nos pondremos en contacto con usted.<\/p>\n<p>Cada propuesta recibida ser\u00e1 estudiada de manera individualizada para determinar su idoneidad salvo aquellas que pretendan un espacio comercial o pol\u00edtico que ser\u00e1n autom\u00e1ticamente excluidas.<\/p>\n<p>Todas las propuestas enviadas deber\u00e1n versar sobre los \u00e1mbitos que le son propios a la Fundaci\u00f3n madri+d: Ciencia, Tecnolog\u00eda, Innovaci\u00f3n y Educaci\u00f3n Superior.<\/p>\n<p>Es obligatorio que el solicitante tenga alguna vinculaci\u00f3n con una instituci\u00f3n cient\u00edfica, cultural o acad\u00e9mica de \u00e1mbito nacional o regional<\/p>\n","protected":false},"excerpt":{"rendered":"<p>A trav\u00e9s del siguiente formulario puede hacernos llegar su petici\u00f3n de blog y tras analizar su propuesta nos pondremos en contacto con usted. Cada propuesta recibida ser\u00e1 estudiada de manera individualizada para determinar su idoneidad salvo aquellas que pretendan un espacio comercial o pol\u00edtico que ser\u00e1n autom\u00e1ticamente excluidas. Todas las propuestas enviadas deber\u00e1n versar sobre los \u00e1mbitos que le son propios a la Fundaci\u00f3n madri+d: Ciencia, Tecnolog\u00eda, Innovaci\u00f3n y Educaci\u00f3n Superior. Es obligatorio que el solicitante tenga alguna vinculaci\u00f3n con una instituci\u00f3n cient\u00edfica, cultural o acad\u00e9mica de \u00e1mbito nacional o regional<\/p>\n","protected":false},"author":1,"featured_media":0,"parent":0,"menu_order":10,"comment_status":"open","ping_status":"closed","template":"","meta":{"_mi_skip_tracking":false,"ngg_post_thumbnail":0},"blocksy_meta":{"styles_descriptor":{"styles":{"desktop":"","tablet":"","mobile":""},"google_fonts":[],"version":4}},"aioseo_notices":[],"_links":{"self":[{"href":"https:\/\/www.madrimasd.org\/blogs\/wp-json\/wp\/v2\/pages\/3"}],"collection":[{"href":"https:\/\/www.madrimasd.org\/blogs\/wp-json\/wp\/v2\/pages"}],"about":[{"href":"https:\/\/www.madrimasd.org\/blogs\/wp-json\/wp\/v2\/types\/page"}],"author":[{"embeddable":true,"href":"https:\/\/www.madrimasd.org\/blogs\/wp-json\/wp\/v2\/users\/1"}],"replies":[{"embeddable":true,"href":"https:\/\/www.madrimasd.org\/blogs\/wp-json\/wp\/v2\/comments?post=3"}],"version-history":[{"count":11,"href":"https:\/\/www.madrimasd.org\/blogs\/wp-json\/wp\/v2\/pages\/3\/revisions"}],"predecessor-version":[{"id":441,"href":"https:\/\/www.madrimasd.org\/blogs\/wp-json\/wp\/v2\/pages\/3\/revisions\/441"}],"wp:attachment":[{"href":"https:\/\/www.madrimasd.org\/blogs\/wp-json\/wp\/v2\/media?parent=3"}],"curies":[{"name":"wp","href":"https:\/\/api.w.org\/{rel}","templated":true}]}}