{"id":5,"date":"2010-01-21T03:19:29","date_gmt":"2010-01-21T02:19:29","guid":{"rendered":"http:\/\/www.madrimasd.org\/blogs\/?page_id=5"},"modified":"2016-04-26T16:00:23","modified_gmt":"2016-04-26T15:00:23","slug":"preguntas-frecuentes","status":"publish","type":"page","link":"https:\/\/www.madrimasd.org\/blogs\/preguntas-frecuentes\/","title":{"rendered":"Preguntas frecuentes"},"content":{"rendered":"<p><strong>\u00bfQu\u00e9 es un blog?<\/strong><br \/>\nUn blog es una p\u00e1gina web en la que su autor publica regularmente contenidos actualizados, cuya tem\u00e1tica puede ser espec\u00edfica o libre, de forma que llegue a cualquier persona interesada a trav\u00e9s de Internet. Estos contenidos pueden ir acompa\u00f1ados de im\u00e1genes, material multimedia, gr\u00e1ficas e incluso animaciones si de esta manera se ilustra mejor el tema que se est\u00e1 tratando.<br \/>\nResumiendo, se podr\u00eda decir que un blog es un espacio en Internet que uno puede usar para expresar sus ideas, intereses, experiencias y opiniones.<\/p>\n<p>Para el visitante, el contenido se presenta con orden cronol\u00f3gico inverso, es decir, lo que se ha publicado m\u00e1s recientemente es lo primero que se ve en la pantalla al entrar en el sitio. Adem\u00e1s, y para facilitar la lectura de los mismos, el autor establece unas categor\u00edas en las que engloba aquello que va escribiendo, de manera que los contenidos se clasifican y se agrupan.<\/p>\n<p>Un aspecto importante de los blogs es su interactividad, especialmente en comparaci\u00f3n a p\u00e1ginas web tradicionales. Dado que se actualizan frecuentemente y permiten a los visitantes responder a las entradas, los blogs funcionan a menudo como herramientas sociales, para conocer a personas que se dedican a temas similares, con lo cual en muchas ocasiones llegan a ser considerados como una comunidad, que en este caso se denomina blogosfera.<\/p>\n<p>Hoy d\u00eda el blogging es uno de los servicios de Internet m\u00e1s populares y, como curiosidad, en el a\u00f1o 2006 se estableci\u00f3 que el 31 de agosto se celebra en la Red el \u2018d\u00eda Internacional del Blog\u2019.<\/p>\n<p><strong>\u00bfQui\u00e9n puede crear un blog?<\/strong><br \/>\nEn el caso de madri+d, cualquier investigador o empresa registrada puede tener su propio blog. Desde el <a title=\"Formulario de petici\u00f3n de blog\" href=\"http:\/\/www.madrimasd.org\/blogs\/obtenga-su-blog\">formulario de petici\u00f3n de blog<\/a> puede hacer su petici\u00f3n introduciendo sus datos y nosotros nos encargaremos de crearlo para usted, una vez se estudie su propuesta en particular.<\/p>\n<p><strong>\u00bfEs \u00e9ste un sitio abierto?<\/strong><br \/>\nS\u00ed, por supuesto. Pero, \u00bfqu\u00e9 significa esto?<br \/>\nEn este contexto, abierto significa que vamos a compartir lo que aprendamos y que otras instituciones similares a madri+d pueden aprender de nuestra experiencia. Y esperamos que otros hagan lo mismo, que el esp\u00edritu de la Web infunda todos nuestros esfuerzos.<\/p>\n<p><strong>\u00bfHay reglas?<\/strong><br \/>\nComo en toda Comunidad Social, s\u00ed, las hay.<\/p>\n<p><strong>\u00bfCu\u00e1les son estas reglas?<\/strong><br \/>\nDada la vocaci\u00f3n divulgativa de actualidad en I+D+i de madrimasd.org, queremos asegurarnos que todas las actividades realizadas en la blogosfera de madri+d son respetuosas y que no se realizan con el prop\u00f3sito de promocionar un producto, candidato o causa pol\u00edtica.<br \/>\nPor supuesto las personas encargadas de la gesti\u00f3n de los blogs ser\u00e1n a las que corresponda revisar los contenidos y vigilar por el buen funcionamiento, no permitiendo que se utilicen estos espacios para promocionar productos, partido pol\u00edtico, o para cualquier otro inter\u00e9s particular.<\/p>\n<p>En este sentido, recomendamos leer los <a title=\"T\u00e9rminos de uso de la blogosfera de madri+d\" href=\"http:\/\/www.madrimasd.org\/blogs\/terminos-de-uso\">t\u00e9rminos de uso<\/a>.<\/p>\n<p><strong>\u00bfD\u00f3nde puedo dirigirme si tengo alguna duda?<\/strong><br \/>\nPara la resoluci\u00f3n de dudas y consultas existe un <a title=\"Contacto de la blogosfera de madri+d\" href=\"http:\/\/www.madrimasd.org\/blogs\/admin\/contacto\">formulario de Contacto<\/a> donde exponerlas para que el gestor del blog resuelva las dudas o incidencias con la mayor celeridad posible.<\/p>\n","protected":false},"excerpt":{"rendered":"<p>\u00bfQu\u00e9 es un blog? Un blog es una p\u00e1gina web en la que su autor publica regularmente contenidos actualizados, cuya tem\u00e1tica puede ser espec\u00edfica o libre, de forma que llegue a cualquier persona interesada a trav\u00e9s de Internet. Estos contenidos pueden ir acompa\u00f1ados de im\u00e1genes, material multimedia, gr\u00e1ficas e incluso animaciones si de esta manera se ilustra mejor el tema que se est\u00e1 tratando. Resumiendo, se podr\u00eda decir que un blog es un espacio en Internet que uno puede usar para expresar sus ideas, intereses, experiencias y opiniones. Para el visitante, el contenido se presenta con orden cronol\u00f3gico inverso, es\u2026<\/p>\n","protected":false},"author":1,"featured_media":0,"parent":0,"menu_order":20,"comment_status":"closed","ping_status":"closed","template":"","meta":{"_mi_skip_tracking":false,"ngg_post_thumbnail":0},"blocksy_meta":{"styles_descriptor":{"styles":{"desktop":"","tablet":"","mobile":""},"google_fonts":[],"version":4}},"aioseo_notices":[],"_links":{"self":[{"href":"https:\/\/www.madrimasd.org\/blogs\/wp-json\/wp\/v2\/pages\/5"}],"collection":[{"href":"https:\/\/www.madrimasd.org\/blogs\/wp-json\/wp\/v2\/pages"}],"about":[{"href":"https:\/\/www.madrimasd.org\/blogs\/wp-json\/wp\/v2\/types\/page"}],"author":[{"embeddable":true,"href":"https:\/\/www.madrimasd.org\/blogs\/wp-json\/wp\/v2\/users\/1"}],"replies":[{"embeddable":true,"href":"https:\/\/www.madrimasd.org\/blogs\/wp-json\/wp\/v2\/comments?post=5"}],"version-history":[{"count":5,"href":"https:\/\/www.madrimasd.org\/blogs\/wp-json\/wp\/v2\/pages\/5\/revisions"}],"predecessor-version":[{"id":41,"href":"https:\/\/www.madrimasd.org\/blogs\/wp-json\/wp\/v2\/pages\/5\/revisions\/41"}],"wp:attachment":[{"href":"https:\/\/www.madrimasd.org\/blogs\/wp-json\/wp\/v2\/media?parent=5"}],"curies":[{"name":"wp","href":"https:\/\/api.w.org\/{rel}","templated":true}]}}