{"id":7,"date":"2010-01-21T03:20:37","date_gmt":"2010-01-21T02:20:37","guid":{"rendered":"http:\/\/www.madrimasd.org\/blogs\/?page_id=7"},"modified":"2018-06-18T09:26:12","modified_gmt":"2018-06-18T08:26:12","slug":"terminos-de-uso","status":"publish","type":"page","link":"https:\/\/www.madrimasd.org\/blogs\/terminos-de-uso\/","title":{"rendered":"T\u00e9rminos de uso"},"content":{"rendered":"<p>El usuario del blog puede publicar contenido libremente en su blog, siempre y cuando el contenido no sea ilegal, obsceno, difamatorio, amenazante, a buena fe y al orden p\u00fablico, lesivos de los derechos e intereses de terceros, infrinja la propiedad intelectual, industrial o la normativa sobre protecci\u00f3n de datos, pueda ser una intromisi\u00f3n en la intimidad o de cualquier otra manera perjudicial o ilegal, o que de cualquier forma puedan resultar ofensivos en sentido amplio. Tampoco podr\u00e1 emplear el blog para fines econ\u00f3micos, de venta directa o con cualquier otra clase de finalidad comercial, mensajes no solicitados dirigidos a una pluralidad de personas con independencia de su finalidad, as\u00ed como a abstenerse de comercializar o divulgar de cualquier modo dicha informaci\u00f3n. Tampoco puede usarse el blog para promover causas religiosas o de car\u00e1cter pol\u00edtica. La Fundaci\u00f3n se reserva el derecho a retirar la publicaci\u00f3n cuando, a su entender, se vulnere alguna de las condiciones de uso estipuladas.<\/p>\n<p>Consulta en el siguiente enlace la <a title=\"Pol\u00edtica de Privacidad y Protecci\u00f3n de Datos\" href=\"http:\/\/www.madrimasd.org\/politica-privacidad\" target=\"_blank\">Pol\u00edtica de Privacidad y Protecci\u00f3n de Datos<\/a>.<\/p>\n","protected":false},"excerpt":{"rendered":"<p>El usuario del blog puede publicar contenido libremente en su blog, siempre y cuando el contenido no sea ilegal, obsceno, difamatorio, amenazante, a buena fe y al orden p\u00fablico, lesivos de los derechos e intereses de terceros, infrinja la propiedad intelectual, industrial o la normativa sobre protecci\u00f3n de datos, pueda ser una intromisi\u00f3n en la intimidad o de cualquier otra manera perjudicial o ilegal, o que de cualquier forma puedan resultar ofensivos en sentido amplio. Tampoco podr\u00e1 emplear el blog para fines econ\u00f3micos, de venta directa o con cualquier otra clase de finalidad comercial, mensajes no solicitados dirigidos a una\u2026<\/p>\n","protected":false},"author":1,"featured_media":0,"parent":0,"menu_order":30,"comment_status":"closed","ping_status":"closed","template":"","meta":{"_mi_skip_tracking":false,"ngg_post_thumbnail":0},"blocksy_meta":{"styles_descriptor":{"styles":{"desktop":"","tablet":"","mobile":""},"google_fonts":[],"version":4}},"aioseo_notices":[],"_links":{"self":[{"href":"https:\/\/www.madrimasd.org\/blogs\/wp-json\/wp\/v2\/pages\/7"}],"collection":[{"href":"https:\/\/www.madrimasd.org\/blogs\/wp-json\/wp\/v2\/pages"}],"about":[{"href":"https:\/\/www.madrimasd.org\/blogs\/wp-json\/wp\/v2\/types\/page"}],"author":[{"embeddable":true,"href":"https:\/\/www.madrimasd.org\/blogs\/wp-json\/wp\/v2\/users\/1"}],"replies":[{"embeddable":true,"href":"https:\/\/www.madrimasd.org\/blogs\/wp-json\/wp\/v2\/comments?post=7"}],"version-history":[{"count":5,"href":"https:\/\/www.madrimasd.org\/blogs\/wp-json\/wp\/v2\/pages\/7\/revisions"}],"predecessor-version":[{"id":9,"href":"https:\/\/www.madrimasd.org\/blogs\/wp-json\/wp\/v2\/pages\/7\/revisions\/9"}],"wp:attachment":[{"href":"https:\/\/www.madrimasd.org\/blogs\/wp-json\/wp\/v2\/media?parent=7"}],"curies":[{"name":"wp","href":"https:\/\/api.w.org\/{rel}","templated":true}]}}